{"id":15048,"date":"2023-02-28T10:12:40","date_gmt":"2023-02-28T10:12:40","guid":{"rendered":"https:\/\/uus.kokariided.ee\/?product=kokajakk-bilbao-punane"},"modified":"2024-12-23T12:01:30","modified_gmt":"2024-12-23T12:01:30","slug":"kokajakk-bilbao-punane","status":"publish","type":"product","link":"https:\/\/uus.kokariided.ee\/en\/product\/kokajakk-bilbao-punane\/","title":{"rendered":"Kokajakk Bilbao, punane"},"content":{"rendered":"","protected":false},"excerpt":{"rendered":"<p>Unisex kokajakk, millel on l\u00fchikesed varrukad. Rinnal ning varrukal on tasku. As\u00fcmmeetriline trukkidega kinnitus. Kaenla all v\u00f5rgust kolmnurk\u00a0ventilatsiooniks.<br \/>\n65% pol\u00fcester, 35% puuvill, 195 g\/m2<\/p>","protected":false},"featured_media":15049,"comment_status":"open","ping_status":"closed","template":"","meta":[],"product_cat":[110,789],"product_tag":[625],"class_list":{"0":"post-15048","1":"product","2":"type-product","3":"status-publish","4":"has-post-thumbnail","6":"product_cat-kokajakid","7":"product_cat-meeste-unisex-kokajakid","8":"product_tag-bilbao","10":"first","11":"instock","12":"shipping-taxable","13":"purchasable","14":"product-type-variable"},"_links":{"self":[{"href":"https:\/\/uus.kokariided.ee\/en\/wp-json\/wp\/v2\/product\/15048","targetHints":{"allow":["GET"]}}],"collection":[{"href":"https:\/\/uus.kokariided.ee\/en\/wp-json\/wp\/v2\/product"}],"about":[{"href":"https:\/\/uus.kokariided.ee\/en\/wp-json\/wp\/v2\/types\/product"}],"replies":[{"embeddable":true,"href":"https:\/\/uus.kokariided.ee\/en\/wp-json\/wp\/v2\/comments?post=15048"}],"wp:featuredmedia":[{"embeddable":true,"href":"https:\/\/uus.kokariided.ee\/en\/wp-json\/wp\/v2\/media\/15049"}],"wp:attachment":[{"href":"https:\/\/uus.kokariided.ee\/en\/wp-json\/wp\/v2\/media?parent=15048"}],"wp:term":[{"taxonomy":"product_cat","embeddable":true,"href":"https:\/\/uus.kokariided.ee\/en\/wp-json\/wp\/v2\/product_cat?post=15048"},{"taxonomy":"product_tag","embeddable":true,"href":"https:\/\/uus.kokariided.ee\/en\/wp-json\/wp\/v2\/product_tag?post=15048"}],"curies":[{"name":"wp","href":"https:\/\/api.w.org\/{rel}","templated":true}]}}