{"id":15056,"date":"2023-03-07T14:58:06","date_gmt":"2023-03-07T14:58:06","guid":{"rendered":"https:\/\/uus.kokariided.ee\/?product=valge-laudlina-castro-ht"},"modified":"2025-08-26T12:54:11","modified_gmt":"2025-08-26T12:54:11","slug":"valge-laudlina-castro-ht","status":"publish","type":"product","link":"https:\/\/uus.kokariided.ee\/en\/product\/valge-laudlina-castro-ht\/","title":{"rendered":"Valge laudlina Castro HT"},"content":{"rendered":"","protected":false},"excerpt":{"rendered":"<p>Castro HT seeria laudlinu iseloomustab selle vastupidavus ja kanga omaduste s\u00e4ilimine. laudlina on t\u00f6\u00f6deldud vedelikke ja mustust t\u00f5rjuma.<br \/>\nSobilik restoranis aluslinaks v\u00f5i Catering \u00fcritustel katte laudlinaks. kangast on lihtne hooldada nii kodus kui ka t\u00f6\u00f6stuslikult.<\/p>","protected":false},"featured_media":15057,"comment_status":"open","ping_status":"closed","template":"","meta":[],"product_cat":[157,155,156],"product_tag":[630,632,633,627,631,635,634,637,636,629,628],"class_list":{"0":"post-15056","1":"product","2":"type-product","3":"status-publish","4":"has-post-thumbnail","6":"product_brand-kokariided-ou","7":"product_cat-laudlinad","8":"product_cat-sisustustooted","9":"product_cat-tekstiiltooted","10":"product_tag-caterin-laudlina","11":"product_tag-ketta-laudlina","12":"product_tag-ketta-lina","13":"product_tag-laudlina","14":"product_tag-laudlina-kettale","15":"product_tag-pidulik-laudlina","16":"product_tag-pika-laua-laudlina","17":"product_tag-restorani-laudlina","18":"product_tag-restorani-laudlinad","19":"product_tag-valge-catering-laudlina","20":"product_tag-valge-laudlina","22":"first","23":"instock","24":"shipping-taxable","25":"purchasable","26":"product-type-variable"},"_links":{"self":[{"href":"https:\/\/uus.kokariided.ee\/en\/wp-json\/wp\/v2\/product\/15056","targetHints":{"allow":["GET"]}}],"collection":[{"href":"https:\/\/uus.kokariided.ee\/en\/wp-json\/wp\/v2\/product"}],"about":[{"href":"https:\/\/uus.kokariided.ee\/en\/wp-json\/wp\/v2\/types\/product"}],"replies":[{"embeddable":true,"href":"https:\/\/uus.kokariided.ee\/en\/wp-json\/wp\/v2\/comments?post=15056"}],"wp:featuredmedia":[{"embeddable":true,"href":"https:\/\/uus.kokariided.ee\/en\/wp-json\/wp\/v2\/media\/15057"}],"wp:attachment":[{"href":"https:\/\/uus.kokariided.ee\/en\/wp-json\/wp\/v2\/media?parent=15056"}],"wp:term":[{"taxonomy":"product_cat","embeddable":true,"href":"https:\/\/uus.kokariided.ee\/en\/wp-json\/wp\/v2\/product_cat?post=15056"},{"taxonomy":"product_tag","embeddable":true,"href":"https:\/\/uus.kokariided.ee\/en\/wp-json\/wp\/v2\/product_tag?post=15056"}],"curies":[{"name":"wp","href":"https:\/\/api.w.org\/{rel}","templated":true}]}}