{"id":15087,"date":"2023-04-10T16:05:11","date_gmt":"2023-04-10T16:05:11","guid":{"rendered":"https:\/\/uus.kokariided.ee\/?product=koeoegiraetik-50x70cm-valgesinine"},"modified":"2025-03-06T17:19:23","modified_gmt":"2025-03-06T17:19:23","slug":"koeoegiraetik-50x70cm-valgesinine","status":"publish","type":"product","link":"https:\/\/uus.kokariided.ee\/en\/product\/koeoegiraetik-50x70cm-valgesinine\/","title":{"rendered":"K\u00f6\u00f6gir\u00e4tik 50x70cm valge\/sinine"},"content":{"rendered":"","protected":false},"excerpt":{"rendered":"<p>Valge puuvillane k\u00f6\u00f6gir\u00e4tik, millel on sinine ruudustiku muster, kahe aasaga.<br \/>\nMaterjal: 100% puuvilla.\u00a0<br \/>\nSuurus 50\u00d770cm<br \/>\n Masinpesu 60 kraadiga<br \/>\nOEKO-TEX Standard 100<\/p>","protected":false},"featured_media":15088,"comment_status":"open","ping_status":"closed","template":"","meta":[],"product_cat":[108,104,777],"product_tag":[275,580,278,276],"class_list":{"0":"post-15087","1":"product","2":"type-product","3":"status-publish","4":"has-post-thumbnail","6":"product_cat-kingiideed","7":"product_cat-kokariided","8":"product_cat-koeoegiraetikud","9":"product_tag-koogi","10":"product_tag-koogiratik","11":"product_tag-noude","12":"product_tag-ratik","14":"first","15":"instock","16":"shipping-taxable","17":"purchasable","18":"product-type-simple"},"_links":{"self":[{"href":"https:\/\/uus.kokariided.ee\/en\/wp-json\/wp\/v2\/product\/15087","targetHints":{"allow":["GET"]}}],"collection":[{"href":"https:\/\/uus.kokariided.ee\/en\/wp-json\/wp\/v2\/product"}],"about":[{"href":"https:\/\/uus.kokariided.ee\/en\/wp-json\/wp\/v2\/types\/product"}],"replies":[{"embeddable":true,"href":"https:\/\/uus.kokariided.ee\/en\/wp-json\/wp\/v2\/comments?post=15087"}],"wp:featuredmedia":[{"embeddable":true,"href":"https:\/\/uus.kokariided.ee\/en\/wp-json\/wp\/v2\/media\/15088"}],"wp:attachment":[{"href":"https:\/\/uus.kokariided.ee\/en\/wp-json\/wp\/v2\/media?parent=15087"}],"wp:term":[{"taxonomy":"product_cat","embeddable":true,"href":"https:\/\/uus.kokariided.ee\/en\/wp-json\/wp\/v2\/product_cat?post=15087"},{"taxonomy":"product_tag","embeddable":true,"href":"https:\/\/uus.kokariided.ee\/en\/wp-json\/wp\/v2\/product_tag?post=15087"}],"curies":[{"name":"wp","href":"https:\/\/api.w.org\/{rel}","templated":true}]}}