{"id":15096,"date":"2023-05-04T14:39:22","date_gmt":"2023-05-04T14:39:22","guid":{"rendered":"https:\/\/uus.kokariided.ee\/?product=voeoepoll-100x50cm-3-taskuga-must"},"modified":"2024-11-15T14:54:03","modified_gmt":"2024-11-15T14:54:03","slug":"voeoepoll-100x50cm-3-taskuga-must","status":"publish","type":"product","link":"https:\/\/uus.kokariided.ee\/en\/product\/voeoepoll-100x50cm-3-taskuga-must\/","title":{"rendered":"V\u00f6\u00f6p\u00f5ll 100x50cm, 3 taskuga, must"},"content":{"rendered":"","protected":false},"excerpt":{"rendered":"<p>Poolpikk must\u00a0bistroo\/teenindaja p\u00f5ll.\u00a0\u00a0P\u00f5lle ees on kolm taskut, mis on sobilikud t\u00f6\u00f6vahenditele, mis peavad\u00a0kiiresti k\u00e4ep\u00e4rast olema.<br \/>\nM\u00f5\u00f5dud: laius\/k\u00f5rgus 100x50cm<br \/>\nMaterjal: Pol\u00fcester 65%\/puuvill, 35% pol\u00fcester, 195gr\/m2<\/p>","protected":false},"featured_media":15097,"comment_status":"open","ping_status":"closed","template":"","meta":[],"product_cat":[104,146,112,145,167],"product_tag":[],"class_list":{"0":"post-15096","1":"product","2":"type-product","3":"status-publish","4":"has-post-thumbnail","6":"product_brand-chaud-devant","7":"product_cat-kokariided","8":"product_cat-polled1755886053","9":"product_cat-polled","10":"product_cat-teenindusriided","11":"product_cat-voeoepoll-100x50cm","13":"first","14":"instock","15":"shipping-taxable","16":"purchasable","17":"product-type-variable"},"_links":{"self":[{"href":"https:\/\/uus.kokariided.ee\/en\/wp-json\/wp\/v2\/product\/15096","targetHints":{"allow":["GET"]}}],"collection":[{"href":"https:\/\/uus.kokariided.ee\/en\/wp-json\/wp\/v2\/product"}],"about":[{"href":"https:\/\/uus.kokariided.ee\/en\/wp-json\/wp\/v2\/types\/product"}],"replies":[{"embeddable":true,"href":"https:\/\/uus.kokariided.ee\/en\/wp-json\/wp\/v2\/comments?post=15096"}],"wp:featuredmedia":[{"embeddable":true,"href":"https:\/\/uus.kokariided.ee\/en\/wp-json\/wp\/v2\/media\/15097"}],"wp:attachment":[{"href":"https:\/\/uus.kokariided.ee\/en\/wp-json\/wp\/v2\/media?parent=15096"}],"wp:term":[{"taxonomy":"product_cat","embeddable":true,"href":"https:\/\/uus.kokariided.ee\/en\/wp-json\/wp\/v2\/product_cat?post=15096"},{"taxonomy":"product_tag","embeddable":true,"href":"https:\/\/uus.kokariided.ee\/en\/wp-json\/wp\/v2\/product_tag?post=15096"}],"curies":[{"name":"wp","href":"https:\/\/api.w.org\/{rel}","templated":true}]}}