{"id":15121,"date":"2023-05-22T16:34:57","date_gmt":"2023-05-22T16:34:57","guid":{"rendered":"https:\/\/uus.kokariided.ee\/?product=kokajakk-thiago-valge"},"modified":"2025-05-13T12:14:46","modified_gmt":"2025-05-13T12:14:46","slug":"kokajakk-thiago-valge","status":"publish","type":"product","link":"https:\/\/uus.kokariided.ee\/en\/product\/kokajakk-thiago-valge\/","title":{"rendered":"Kokajakk THIAGO, valge"},"content":{"rendered":"","protected":false},"excerpt":{"rendered":"<p>Kokajakk kitsa l\u00f5ikega,\u00a0l\u00fchikese varrukaga, trukkidega, seljataguse \u00f5hulise v\u00f5rguga. Vasakul rinnal tasku.<br \/>\n100% puuvilla<br \/>\n185\/m2<br \/>\nSuurused S-4XL<\/p>","protected":false},"featured_media":15122,"comment_status":"open","ping_status":"closed","template":"","meta":[],"product_cat":[110,104,789,790],"product_tag":[460,622,623],"class_list":{"0":"post-15121","1":"product","2":"type-product","3":"status-publish","4":"has-post-thumbnail","6":"product_brand-egochef","7":"product_cat-kokajakid","8":"product_cat-kokariided","9":"product_cat-meeste-unisex-kokajakid","10":"product_cat-naiste-kokajakid","11":"product_tag-kokajakk","12":"product_tag-raul","13":"product_tag-thiago","15":"first","16":"instock","17":"shipping-taxable","18":"purchasable","19":"product-type-variable"},"_links":{"self":[{"href":"https:\/\/uus.kokariided.ee\/en\/wp-json\/wp\/v2\/product\/15121","targetHints":{"allow":["GET"]}}],"collection":[{"href":"https:\/\/uus.kokariided.ee\/en\/wp-json\/wp\/v2\/product"}],"about":[{"href":"https:\/\/uus.kokariided.ee\/en\/wp-json\/wp\/v2\/types\/product"}],"replies":[{"embeddable":true,"href":"https:\/\/uus.kokariided.ee\/en\/wp-json\/wp\/v2\/comments?post=15121"}],"wp:featuredmedia":[{"embeddable":true,"href":"https:\/\/uus.kokariided.ee\/en\/wp-json\/wp\/v2\/media\/15122"}],"wp:attachment":[{"href":"https:\/\/uus.kokariided.ee\/en\/wp-json\/wp\/v2\/media?parent=15121"}],"wp:term":[{"taxonomy":"product_cat","embeddable":true,"href":"https:\/\/uus.kokariided.ee\/en\/wp-json\/wp\/v2\/product_cat?post=15121"},{"taxonomy":"product_tag","embeddable":true,"href":"https:\/\/uus.kokariided.ee\/en\/wp-json\/wp\/v2\/product_tag?post=15121"}],"curies":[{"name":"wp","href":"https:\/\/api.w.org\/{rel}","templated":true}]}}