{"id":15157,"date":"2023-05-30T11:31:01","date_gmt":"2023-05-30T11:31:01","guid":{"rendered":"https:\/\/uus.kokariided.ee\/?product=unisex-kokajakk-profile-valge"},"modified":"2025-07-11T17:05:40","modified_gmt":"2025-07-11T17:05:40","slug":"unisex-kokajakk-profile-valge","status":"publish","type":"product","link":"https:\/\/uus.kokariided.ee\/en\/product\/unisex-kokajakk-profile-valge\/","title":{"rendered":"Unisex kokajakk Profile, valge"},"content":{"rendered":"","protected":false},"excerpt":{"rendered":"<p>Valge kokajakk, musta kandi ja mustade n\u00f6\u00f6pidega. Seljatagune hingavast v\u00f5rkkangast.<br \/>\n65% pol\u00fcester, 35% puuvill.<br \/>\nSaadaval suurused S &#8211; 4XL<\/p>","protected":false},"featured_media":15158,"comment_status":"open","ping_status":"closed","template":"","meta":[],"product_cat":[104,789],"product_tag":[642],"class_list":{"0":"post-15157","1":"product","2":"type-product","3":"status-publish","4":"has-post-thumbnail","6":"product_cat-kokariided","7":"product_cat-meeste-unisex-kokajakid","8":"product_tag-profile","10":"first","11":"instock","12":"shipping-taxable","13":"purchasable","14":"product-type-variable"},"_links":{"self":[{"href":"https:\/\/uus.kokariided.ee\/en\/wp-json\/wp\/v2\/product\/15157","targetHints":{"allow":["GET"]}}],"collection":[{"href":"https:\/\/uus.kokariided.ee\/en\/wp-json\/wp\/v2\/product"}],"about":[{"href":"https:\/\/uus.kokariided.ee\/en\/wp-json\/wp\/v2\/types\/product"}],"replies":[{"embeddable":true,"href":"https:\/\/uus.kokariided.ee\/en\/wp-json\/wp\/v2\/comments?post=15157"}],"wp:featuredmedia":[{"embeddable":true,"href":"https:\/\/uus.kokariided.ee\/en\/wp-json\/wp\/v2\/media\/15158"}],"wp:attachment":[{"href":"https:\/\/uus.kokariided.ee\/en\/wp-json\/wp\/v2\/media?parent=15157"}],"wp:term":[{"taxonomy":"product_cat","embeddable":true,"href":"https:\/\/uus.kokariided.ee\/en\/wp-json\/wp\/v2\/product_cat?post=15157"},{"taxonomy":"product_tag","embeddable":true,"href":"https:\/\/uus.kokariided.ee\/en\/wp-json\/wp\/v2\/product_tag?post=15157"}],"curies":[{"name":"wp","href":"https:\/\/api.w.org\/{rel}","templated":true}]}}