{"id":15167,"date":"2023-05-30T14:59:25","date_gmt":"2023-05-30T14:59:25","guid":{"rendered":"https:\/\/uus.kokariided.ee\/?product=kokajakk-coreana-100-pv-valge"},"modified":"2024-05-15T13:05:20","modified_gmt":"2024-05-15T13:05:20","slug":"kokajakk-coreana-100-pv-valge","status":"publish","type":"product","link":"https:\/\/uus.kokariided.ee\/en\/product\/kokajakk-coreana-100-pv-valge\/","title":{"rendered":"Kokajakk COREANA, 100% pv, valge"},"content":{"rendered":"","protected":false},"excerpt":{"rendered":"<p>Pikkade varrukatega kokajakk, millel on korea stiilis krae ja kinnitus kuldsete n\u00f6\u00f6pidega. K\u00fclgedel kaks mahukat taskut. Pesu kuni 60 kraadi.<br \/>\n100% puuvill,\u00a0190 g\/m2<\/p>","protected":false},"featured_media":15168,"comment_status":"open","ping_status":"closed","template":"","meta":[],"product_cat":[110,104,789,790,106],"product_tag":[213,229,228],"class_list":{"0":"post-15167","1":"product","2":"type-product","3":"status-publish","4":"has-post-thumbnail","6":"product_brand-egochef","7":"product_cat-kokajakid","8":"product_cat-kokariided","9":"product_cat-meeste-unisex-kokajakid","10":"product_cat-naiste-kokajakid","11":"product_cat-soodusmueuek","12":"product_tag-puuvill","13":"product_tag-soodne","14":"product_tag-soodus","16":"first","17":"instock","18":"sale","19":"shipping-taxable","20":"purchasable","21":"product-type-variable"},"_links":{"self":[{"href":"https:\/\/uus.kokariided.ee\/en\/wp-json\/wp\/v2\/product\/15167","targetHints":{"allow":["GET"]}}],"collection":[{"href":"https:\/\/uus.kokariided.ee\/en\/wp-json\/wp\/v2\/product"}],"about":[{"href":"https:\/\/uus.kokariided.ee\/en\/wp-json\/wp\/v2\/types\/product"}],"replies":[{"embeddable":true,"href":"https:\/\/uus.kokariided.ee\/en\/wp-json\/wp\/v2\/comments?post=15167"}],"wp:featuredmedia":[{"embeddable":true,"href":"https:\/\/uus.kokariided.ee\/en\/wp-json\/wp\/v2\/media\/15168"}],"wp:attachment":[{"href":"https:\/\/uus.kokariided.ee\/en\/wp-json\/wp\/v2\/media?parent=15167"}],"wp:term":[{"taxonomy":"product_cat","embeddable":true,"href":"https:\/\/uus.kokariided.ee\/en\/wp-json\/wp\/v2\/product_cat?post=15167"},{"taxonomy":"product_tag","embeddable":true,"href":"https:\/\/uus.kokariided.ee\/en\/wp-json\/wp\/v2\/product_tag?post=15167"}],"curies":[{"name":"wp","href":"https:\/\/api.w.org\/{rel}","templated":true}]}}