{"id":15183,"date":"2023-06-01T11:33:53","date_gmt":"2023-06-01T11:33:53","guid":{"rendered":"https:\/\/uus.kokariided.ee\/?product=meeste-tuunika-leonardo"},"modified":"2024-06-27T17:08:10","modified_gmt":"2024-06-27T17:08:10","slug":"meeste-tuunika-leonardo","status":"publish","type":"product","link":"https:\/\/uus.kokariided.ee\/en\/product\/meeste-tuunika-leonardo\/","title":{"rendered":"Unisex tuunika LEONARDO, bordoo"},"content":{"rendered":"<pre class=\"tw-data-text tw-ta tw-text-small\" id=\"tw-target-text\" dir=\"ltr\">2 taskut<br \/><br \/>rinnatasku<br \/><br \/>V- kaelus<br \/><br \/>2 k\u00fcljel\u00f5hikut<\/pre>","protected":false},"excerpt":{"rendered":"<p>Unisex tuunika, k\u00fclgedel l\u00f5hik, sobib iluteeninduse- ja meditsiinit\u00f6\u00f6tajatele.<br \/>\n35% puuvill, 65% pol\u00fcester<br \/>\nSuurused: XS-XXXL<\/p>","protected":false},"featured_media":15184,"comment_status":"open","ping_status":"closed","template":"","meta":[],"product_cat":[145,738],"product_tag":[432],"class_list":{"0":"post-15183","1":"product","2":"type-product","3":"status-publish","4":"has-post-thumbnail","6":"product_brand-greiff","7":"product_cat-teenindusriided","8":"product_cat-tuunikad","9":"product_tag-tuunika","11":"first","12":"instock","13":"shipping-taxable","14":"purchasable","15":"product-type-variable"},"_links":{"self":[{"href":"https:\/\/uus.kokariided.ee\/en\/wp-json\/wp\/v2\/product\/15183","targetHints":{"allow":["GET"]}}],"collection":[{"href":"https:\/\/uus.kokariided.ee\/en\/wp-json\/wp\/v2\/product"}],"about":[{"href":"https:\/\/uus.kokariided.ee\/en\/wp-json\/wp\/v2\/types\/product"}],"replies":[{"embeddable":true,"href":"https:\/\/uus.kokariided.ee\/en\/wp-json\/wp\/v2\/comments?post=15183"}],"wp:featuredmedia":[{"embeddable":true,"href":"https:\/\/uus.kokariided.ee\/en\/wp-json\/wp\/v2\/media\/15184"}],"wp:attachment":[{"href":"https:\/\/uus.kokariided.ee\/en\/wp-json\/wp\/v2\/media?parent=15183"}],"wp:term":[{"taxonomy":"product_cat","embeddable":true,"href":"https:\/\/uus.kokariided.ee\/en\/wp-json\/wp\/v2\/product_cat?post=15183"},{"taxonomy":"product_tag","embeddable":true,"href":"https:\/\/uus.kokariided.ee\/en\/wp-json\/wp\/v2\/product_tag?post=15183"}],"curies":[{"name":"wp","href":"https:\/\/api.w.org\/{rel}","templated":true}]}}