{"id":15203,"date":"2023-06-08T12:16:09","date_gmt":"2023-06-08T12:16:09","guid":{"rendered":"https:\/\/uus.kokariided.ee\/?product=naiste-kokajakk-1755947216"},"modified":"2025-02-07T11:10:10","modified_gmt":"2025-02-07T11:10:10","slug":"naiste-kokajakk-1755947216","status":"publish","type":"product","link":"https:\/\/uus.kokariided.ee\/en\/product\/naiste-kokajakk-1755947216\/","title":{"rendered":"Naiste kokajakk RF Cuisine, valge"},"content":{"rendered":"","protected":false},"excerpt":{"rendered":"<p>Naiselik ning esinduslik kokajakk, mis on ilma kraeta ning taljesse t\u00f6\u00f6deldud. H\u00f5bedaste trukkidega, pikkade varrukatega, vasakul varrukal on tasku, kaenla all ventavad. As\u00fcmmeetriline ning printsessi\u00f5mblustega.<br \/>\nSuurused XS-2XL<br \/>\n49% puuvill, 49% pol\u00fcester, 2% elastolefiin<\/p>","protected":false},"featured_media":15204,"comment_status":"open","ping_status":"closed","template":"","meta":[],"product_cat":[110,104,790],"product_tag":[643,542,644],"class_list":{"0":"post-15203","1":"product","2":"type-product","3":"status-publish","4":"has-post-thumbnail","6":"product_brand-greiff","7":"product_cat-kokajakid","8":"product_cat-kokariided","9":"product_cat-naiste-kokajakid","10":"product_tag-cuisine","11":"product_tag-naiselik","12":"product_tag-naiste-jakk","14":"first","15":"instock","16":"shipping-taxable","17":"purchasable","18":"product-type-variable"},"_links":{"self":[{"href":"https:\/\/uus.kokariided.ee\/en\/wp-json\/wp\/v2\/product\/15203","targetHints":{"allow":["GET"]}}],"collection":[{"href":"https:\/\/uus.kokariided.ee\/en\/wp-json\/wp\/v2\/product"}],"about":[{"href":"https:\/\/uus.kokariided.ee\/en\/wp-json\/wp\/v2\/types\/product"}],"replies":[{"embeddable":true,"href":"https:\/\/uus.kokariided.ee\/en\/wp-json\/wp\/v2\/comments?post=15203"}],"wp:featuredmedia":[{"embeddable":true,"href":"https:\/\/uus.kokariided.ee\/en\/wp-json\/wp\/v2\/media\/15204"}],"wp:attachment":[{"href":"https:\/\/uus.kokariided.ee\/en\/wp-json\/wp\/v2\/media?parent=15203"}],"wp:term":[{"taxonomy":"product_cat","embeddable":true,"href":"https:\/\/uus.kokariided.ee\/en\/wp-json\/wp\/v2\/product_cat?post=15203"},{"taxonomy":"product_tag","embeddable":true,"href":"https:\/\/uus.kokariided.ee\/en\/wp-json\/wp\/v2\/product_tag?post=15203"}],"curies":[{"name":"wp","href":"https:\/\/api.w.org\/{rel}","templated":true}]}}