{"id":15278,"date":"2023-06-13T11:54:02","date_gmt":"2023-06-13T11:54:02","guid":{"rendered":"https:\/\/uus.kokariided.ee\/?product=kokajakk-monza-valge-pikk-varrukas"},"modified":"2024-04-02T15:56:31","modified_gmt":"2024-04-02T15:56:31","slug":"kokajakk-monza-valge-pikk-varrukas","status":"publish","type":"product","link":"https:\/\/uus.kokariided.ee\/en\/product\/kokajakk-monza-valge-pikk-varrukas\/","title":{"rendered":"Kokajakk MONZA, valge, pikk varrukas"},"content":{"rendered":"","protected":false},"excerpt":{"rendered":"<p>Modernne kokajakk pikkade varrukatega, lukk-kinnitusega, rinnal ja varrukal tasku.\u00a0Satiin Cooltex materjal laseb jakil hingata ja tagab mugavuse ka k\u00f5ige kiiremal t\u00f6\u00f6ajal. Kerge triikida, k\u00fclgedel l\u00f5hikud. Saadaval ka l\u00fchikese varrukaga.<br \/>\n50% pol\u00fcester, 50% puuvill, 215 g\/m2, suurused XS-3XL<\/p>","protected":false},"featured_media":15279,"comment_status":"open","ping_status":"closed","template":"","meta":[],"product_cat":[110,104,789],"product_tag":[452,443],"class_list":{"0":"post-15278","1":"product","2":"type-product","3":"status-publish","4":"has-post-thumbnail","6":"product_brand-chaud-devant","7":"product_cat-kokajakid","8":"product_cat-kokariided","9":"product_cat-meeste-unisex-kokajakid","10":"product_tag-meeste-kokajakk","11":"product_tag-monza","13":"first","14":"instock","15":"shipping-taxable","16":"purchasable","17":"product-type-variable"},"_links":{"self":[{"href":"https:\/\/uus.kokariided.ee\/en\/wp-json\/wp\/v2\/product\/15278","targetHints":{"allow":["GET"]}}],"collection":[{"href":"https:\/\/uus.kokariided.ee\/en\/wp-json\/wp\/v2\/product"}],"about":[{"href":"https:\/\/uus.kokariided.ee\/en\/wp-json\/wp\/v2\/types\/product"}],"replies":[{"embeddable":true,"href":"https:\/\/uus.kokariided.ee\/en\/wp-json\/wp\/v2\/comments?post=15278"}],"wp:featuredmedia":[{"embeddable":true,"href":"https:\/\/uus.kokariided.ee\/en\/wp-json\/wp\/v2\/media\/15279"}],"wp:attachment":[{"href":"https:\/\/uus.kokariided.ee\/en\/wp-json\/wp\/v2\/media?parent=15278"}],"wp:term":[{"taxonomy":"product_cat","embeddable":true,"href":"https:\/\/uus.kokariided.ee\/en\/wp-json\/wp\/v2\/product_cat?post=15278"},{"taxonomy":"product_tag","embeddable":true,"href":"https:\/\/uus.kokariided.ee\/en\/wp-json\/wp\/v2\/product_tag?post=15278"}],"curies":[{"name":"wp","href":"https:\/\/api.w.org\/{rel}","templated":true}]}}