{"id":15290,"date":"2023-06-13T12:10:10","date_gmt":"2023-06-13T12:10:10","guid":{"rendered":"https:\/\/uus.kokariided.ee\/?product=naiste-kokajakk-serving-must"},"modified":"2024-05-29T12:34:52","modified_gmt":"2024-05-29T12:34:52","slug":"naiste-kokajakk-serving-must","status":"publish","type":"product","link":"https:\/\/uus.kokariided.ee\/en\/product\/naiste-kokajakk-serving-must\/","title":{"rendered":"Naiste kokajakk Serving, must"},"content":{"rendered":"","protected":false},"excerpt":{"rendered":"<p>3\/4 varrukatega pikem naiste jakk, kahe mahuka taskuga. Kinnitus peidetud trukkidega. Stret\u0161kangas tagab mugava kandmise. N\u00e4pun\u00e4ide: jakki tasub kanda kui tuunikat ja kombineerida see \u00fcmberp\u00fckste v\u00f5i retuusidega.<br \/>\n48 pol\u00fcester, 48% puuvill, 4% elastaan, 140g\/m2<\/p>","protected":false},"featured_media":15291,"comment_status":"open","ping_status":"closed","template":"","meta":[],"product_cat":[790],"product_tag":[647,432],"class_list":{"0":"post-15290","1":"product","2":"type-product","3":"status-publish","4":"has-post-thumbnail","6":"product_cat-naiste-kokajakid","7":"product_tag-serving","8":"product_tag-tuunika","10":"first","11":"instock","12":"shipping-taxable","13":"purchasable","14":"product-type-variable"},"_links":{"self":[{"href":"https:\/\/uus.kokariided.ee\/en\/wp-json\/wp\/v2\/product\/15290","targetHints":{"allow":["GET"]}}],"collection":[{"href":"https:\/\/uus.kokariided.ee\/en\/wp-json\/wp\/v2\/product"}],"about":[{"href":"https:\/\/uus.kokariided.ee\/en\/wp-json\/wp\/v2\/types\/product"}],"replies":[{"embeddable":true,"href":"https:\/\/uus.kokariided.ee\/en\/wp-json\/wp\/v2\/comments?post=15290"}],"wp:featuredmedia":[{"embeddable":true,"href":"https:\/\/uus.kokariided.ee\/en\/wp-json\/wp\/v2\/media\/15291"}],"wp:attachment":[{"href":"https:\/\/uus.kokariided.ee\/en\/wp-json\/wp\/v2\/media?parent=15290"}],"wp:term":[{"taxonomy":"product_cat","embeddable":true,"href":"https:\/\/uus.kokariided.ee\/en\/wp-json\/wp\/v2\/product_cat?post=15290"},{"taxonomy":"product_tag","embeddable":true,"href":"https:\/\/uus.kokariided.ee\/en\/wp-json\/wp\/v2\/product_tag?post=15290"}],"curies":[{"name":"wp","href":"https:\/\/api.w.org\/{rel}","templated":true}]}}