{"id":15302,"date":"2023-06-13T12:34:13","date_gmt":"2023-06-13T12:34:13","guid":{"rendered":"https:\/\/uus.kokariided.ee\/?product=kokajakk-lady-verona-valge"},"modified":"2024-04-02T15:56:31","modified_gmt":"2024-04-02T15:56:31","slug":"kokajakk-lady-verona-valge","status":"publish","type":"product","link":"https:\/\/uus.kokariided.ee\/en\/product\/kokajakk-lady-verona-valge\/","title":{"rendered":"Kokajakk Lady Verona, valge"},"content":{"rendered":"","protected":false},"excerpt":{"rendered":"<p>\u00dclimalt naiselik kokajakk, mida saab kanda erinevatel viisidel. Kraed saab kanda nii kinniselt, pooleldi avatult v\u00f5i t\u00e4iesti lahtiselt. Kokajakk on pikkade varrukate ja pruuni kandiga, kinnitus n\u00f6\u00f6pidega (10 n\u00f6\u00f6pi kaasas). Naiselikkust r\u00f5hutavad ka paelad, mida saab v\u00f6\u00f6kohalt selja peale kokku siduda. K\u00fclgedel l\u00f5hikud, kerge triikida.<br \/>\n50% pol\u00fcester 50% puuvill.<\/p>","protected":false},"featured_media":15303,"comment_status":"open","ping_status":"closed","template":"","meta":[],"product_cat":[110,104,790],"product_tag":[542,442,229,228,648],"class_list":{"0":"post-15302","1":"product","2":"type-product","3":"status-publish","4":"has-post-thumbnail","6":"product_brand-chaud-devant","7":"product_cat-kokajakid","8":"product_cat-kokariided","9":"product_cat-naiste-kokajakid","10":"product_tag-naiselik","11":"product_tag-naiste-kokajakk","12":"product_tag-soodne","13":"product_tag-soodus","14":"product_tag-verona","16":"first","17":"instock","18":"sale","19":"shipping-taxable","20":"purchasable","21":"product-type-variable"},"_links":{"self":[{"href":"https:\/\/uus.kokariided.ee\/en\/wp-json\/wp\/v2\/product\/15302","targetHints":{"allow":["GET"]}}],"collection":[{"href":"https:\/\/uus.kokariided.ee\/en\/wp-json\/wp\/v2\/product"}],"about":[{"href":"https:\/\/uus.kokariided.ee\/en\/wp-json\/wp\/v2\/types\/product"}],"replies":[{"embeddable":true,"href":"https:\/\/uus.kokariided.ee\/en\/wp-json\/wp\/v2\/comments?post=15302"}],"wp:featuredmedia":[{"embeddable":true,"href":"https:\/\/uus.kokariided.ee\/en\/wp-json\/wp\/v2\/media\/15303"}],"wp:attachment":[{"href":"https:\/\/uus.kokariided.ee\/en\/wp-json\/wp\/v2\/media?parent=15302"}],"wp:term":[{"taxonomy":"product_cat","embeddable":true,"href":"https:\/\/uus.kokariided.ee\/en\/wp-json\/wp\/v2\/product_cat?post=15302"},{"taxonomy":"product_tag","embeddable":true,"href":"https:\/\/uus.kokariided.ee\/en\/wp-json\/wp\/v2\/product_tag?post=15302"}],"curies":[{"name":"wp","href":"https:\/\/api.w.org\/{rel}","templated":true}]}}