{"id":15326,"date":"2023-06-14T14:48:15","date_gmt":"2023-06-14T14:48:15","guid":{"rendered":"https:\/\/uus.kokariided.ee\/?product=meeste-kokapueksid-ruudulised-100-pv"},"modified":"2024-05-17T14:52:58","modified_gmt":"2024-05-17T14:52:58","slug":"meeste-kokapueksid-ruudulised-100-pv","status":"publish","type":"product","link":"https:\/\/uus.kokariided.ee\/en\/product\/meeste-kokapueksid-ruudulised-100-pv\/","title":{"rendered":"Meeste kokap\u00fcksid ruudulised, 100% pv"},"content":{"rendered":"","protected":false},"excerpt":{"rendered":"<p>Meeste kokap\u00fcksid seljataguse kummiv\u00e4rvli ning 5 taskuga. V\u00f6\u00f6 on rihma aasadega. Metallist luku ja n\u00f6\u00f6biga. Pesu kuni 95 kraadi. Suuruse 50 sises\u00e4\u00e4re pikkus on 84cm.<br \/>\nMaterjal: 100% puuvill<\/p>","protected":false},"featured_media":15327,"comment_status":"open","ping_status":"closed","template":"","meta":[],"product_cat":[104,787,113],"product_tag":[261],"class_list":{"0":"post-15326","1":"product","2":"type-product","3":"status-publish","4":"has-post-thumbnail","6":"product_brand-greiff","7":"product_cat-kokariided","8":"product_cat-meeste-kokapueksid","9":"product_cat-pueksid","10":"product_tag-95-kraadi","12":"first","13":"instock","14":"shipping-taxable","15":"purchasable","16":"product-type-variable"},"_links":{"self":[{"href":"https:\/\/uus.kokariided.ee\/en\/wp-json\/wp\/v2\/product\/15326","targetHints":{"allow":["GET"]}}],"collection":[{"href":"https:\/\/uus.kokariided.ee\/en\/wp-json\/wp\/v2\/product"}],"about":[{"href":"https:\/\/uus.kokariided.ee\/en\/wp-json\/wp\/v2\/types\/product"}],"replies":[{"embeddable":true,"href":"https:\/\/uus.kokariided.ee\/en\/wp-json\/wp\/v2\/comments?post=15326"}],"wp:featuredmedia":[{"embeddable":true,"href":"https:\/\/uus.kokariided.ee\/en\/wp-json\/wp\/v2\/media\/15327"}],"wp:attachment":[{"href":"https:\/\/uus.kokariided.ee\/en\/wp-json\/wp\/v2\/media?parent=15326"}],"wp:term":[{"taxonomy":"product_cat","embeddable":true,"href":"https:\/\/uus.kokariided.ee\/en\/wp-json\/wp\/v2\/product_cat?post=15326"},{"taxonomy":"product_tag","embeddable":true,"href":"https:\/\/uus.kokariided.ee\/en\/wp-json\/wp\/v2\/product_tag?post=15326"}],"curies":[{"name":"wp","href":"https:\/\/api.w.org\/{rel}","templated":true}]}}