{"id":15356,"date":"2023-06-14T17:19:20","date_gmt":"2023-06-14T17:19:20","guid":{"rendered":"https:\/\/uus.kokariided.ee\/?product=teenindaja-pluus-dublin-must-pikk-varrukas"},"modified":"2024-05-29T12:34:52","modified_gmt":"2024-05-29T12:34:52","slug":"teenindaja-pluus-dublin-must-pikk-varrukas","status":"publish","type":"product","link":"https:\/\/uus.kokariided.ee\/en\/product\/teenindaja-pluus-dublin-must-pikk-varrukas\/","title":{"rendered":"Teenindaja pluus Dublin, must, pikk varrukas"},"content":{"rendered":"","protected":false},"excerpt":{"rendered":"<p>Teenindaja pluus pika varruka ning n\u00f6\u00f6pidega kinnitusega. Krae korea stiilis. Rinnal tasku. Sobib suurep\u00e4raselt hotelli- ja teenindussektorisse.<br \/>\n100%\u00a0mikrofiiber, materjal on kerge ning mustust t\u00f5rjuv ja hingav, 130 g\/m2. Saadaval ka l\u00fchikese varrukaga.<br \/>\nSuurused XS-2XL<\/p>","protected":false},"featured_media":15357,"comment_status":"open","ping_status":"closed","template":"","meta":[],"product_cat":[753,145],"product_tag":[],"class_list":{"0":"post-15356","1":"product","2":"type-product","3":"status-publish","4":"has-post-thumbnail","6":"product_cat-saergid-ja-pluusid","7":"product_cat-teenindusriided","9":"first","10":"instock","11":"shipping-taxable","12":"purchasable","13":"product-type-variable"},"_links":{"self":[{"href":"https:\/\/uus.kokariided.ee\/en\/wp-json\/wp\/v2\/product\/15356","targetHints":{"allow":["GET"]}}],"collection":[{"href":"https:\/\/uus.kokariided.ee\/en\/wp-json\/wp\/v2\/product"}],"about":[{"href":"https:\/\/uus.kokariided.ee\/en\/wp-json\/wp\/v2\/types\/product"}],"replies":[{"embeddable":true,"href":"https:\/\/uus.kokariided.ee\/en\/wp-json\/wp\/v2\/comments?post=15356"}],"wp:featuredmedia":[{"embeddable":true,"href":"https:\/\/uus.kokariided.ee\/en\/wp-json\/wp\/v2\/media\/15357"}],"wp:attachment":[{"href":"https:\/\/uus.kokariided.ee\/en\/wp-json\/wp\/v2\/media?parent=15356"}],"wp:term":[{"taxonomy":"product_cat","embeddable":true,"href":"https:\/\/uus.kokariided.ee\/en\/wp-json\/wp\/v2\/product_cat?post=15356"},{"taxonomy":"product_tag","embeddable":true,"href":"https:\/\/uus.kokariided.ee\/en\/wp-json\/wp\/v2\/product_tag?post=15356"}],"curies":[{"name":"wp","href":"https:\/\/api.w.org\/{rel}","templated":true}]}}