{"id":15402,"date":"2023-06-16T14:15:24","date_gmt":"2023-06-16T14:15:24","guid":{"rendered":"https:\/\/uus.kokariided.ee\/?product=kokajakk-roger-must"},"modified":"2024-05-08T15:47:47","modified_gmt":"2024-05-08T15:47:47","slug":"kokajakk-roger-must","status":"publish","type":"product","link":"https:\/\/uus.kokariided.ee\/en\/product\/kokajakk-roger-must\/","title":{"rendered":"Kokajakk ROGER, must"},"content":{"rendered":"","protected":false},"excerpt":{"rendered":"<p>Kitsal\u00f5ikeline Roger jakk on suurep\u00e4rase isikup\u00e4raga ja v\u00e4ga mitmek\u00fclgne r\u00f5ivas, mis sobib ideaalselt nii Ho.Re.Ca. sektorisse kui ka k\u00f6\u00f6gis kandmiseks.\u00a0Vastupidav keskmistele ja k\u00f5rgetele temp.<br \/>\n&#8211; Slim Fit<br \/>\n&#8211; seljal ja varrukatel hingav kangas<br \/>\n&#8211; k\u00fclgedel l\u00f5hikud<br \/>\n&#8211; mandarin krae<br \/>\n&#8211; 7 peidetud n\u00f6\u00f6pi<br \/>\n&#8211; nikeldatud &#8220;G&#8221; varrukatel<br \/>\n&#8211; p\u00f5iktasku s\u00fcdame pool<br \/>\n52% pol\u00fcester, 48% puuvill,\u00a0171 g\/m\u00b2<\/p>","protected":false},"featured_media":15403,"comment_status":"open","ping_status":"closed","template":"","meta":[],"product_cat":[110,104,789],"product_tag":[650,460,649],"class_list":{"0":"post-15402","1":"product","2":"type-product","3":"status-publish","4":"has-post-thumbnail","6":"product_cat-kokajakid","7":"product_cat-kokariided","8":"product_cat-meeste-unisex-kokajakid","9":"product_tag-hingav","10":"product_tag-kokajakk","11":"product_tag-roger","13":"first","14":"instock","15":"shipping-taxable","16":"purchasable","17":"product-type-variable"},"_links":{"self":[{"href":"https:\/\/uus.kokariided.ee\/en\/wp-json\/wp\/v2\/product\/15402","targetHints":{"allow":["GET"]}}],"collection":[{"href":"https:\/\/uus.kokariided.ee\/en\/wp-json\/wp\/v2\/product"}],"about":[{"href":"https:\/\/uus.kokariided.ee\/en\/wp-json\/wp\/v2\/types\/product"}],"replies":[{"embeddable":true,"href":"https:\/\/uus.kokariided.ee\/en\/wp-json\/wp\/v2\/comments?post=15402"}],"wp:featuredmedia":[{"embeddable":true,"href":"https:\/\/uus.kokariided.ee\/en\/wp-json\/wp\/v2\/media\/15403"}],"wp:attachment":[{"href":"https:\/\/uus.kokariided.ee\/en\/wp-json\/wp\/v2\/media?parent=15402"}],"wp:term":[{"taxonomy":"product_cat","embeddable":true,"href":"https:\/\/uus.kokariided.ee\/en\/wp-json\/wp\/v2\/product_cat?post=15402"},{"taxonomy":"product_tag","embeddable":true,"href":"https:\/\/uus.kokariided.ee\/en\/wp-json\/wp\/v2\/product_tag?post=15402"}],"curies":[{"name":"wp","href":"https:\/\/api.w.org\/{rel}","templated":true}]}}