{"id":15497,"date":"2023-06-22T13:18:25","date_gmt":"2023-06-22T13:18:25","guid":{"rendered":"https:\/\/uus.kokariided.ee\/?product=naiste-kokajakk-agata-must"},"modified":"2025-04-14T14:25:42","modified_gmt":"2025-04-14T14:25:42","slug":"naiste-kokajakk-agata-must","status":"publish","type":"product","link":"https:\/\/uus.kokariided.ee\/en\/product\/naiste-kokajakk-agata-must\/","title":{"rendered":"Naiste kokajakk AGATA, must"},"content":{"rendered":"","protected":false},"excerpt":{"rendered":"<p>Kokajakk kitsa l\u00f5ikega, pika varrukaga, trukkidega, selja- ja varrukataguse \u00f5hulise v\u00f5rguga. Vasakul rinnal ning varrukal tasku.<br \/>\n65% pol\u00fcester, 35% puuvill.<br \/>\n200g \/m2<br \/>\nSaadaval suurustes\u00a0S &#8211; 3XL<\/p>","protected":false},"featured_media":15498,"comment_status":"open","ping_status":"closed","template":"","meta":[],"product_cat":[110,104,790],"product_tag":[651,650,460,442],"class_list":{"0":"post-15497","1":"product","2":"type-product","3":"status-publish","4":"has-post-thumbnail","6":"product_cat-kokajakid","7":"product_cat-kokariided","8":"product_cat-naiste-kokajakid","9":"product_tag-agata","10":"product_tag-hingav","11":"product_tag-kokajakk","12":"product_tag-naiste-kokajakk","14":"first","15":"instock","16":"shipping-taxable","17":"purchasable","18":"product-type-variable"},"_links":{"self":[{"href":"https:\/\/uus.kokariided.ee\/en\/wp-json\/wp\/v2\/product\/15497","targetHints":{"allow":["GET"]}}],"collection":[{"href":"https:\/\/uus.kokariided.ee\/en\/wp-json\/wp\/v2\/product"}],"about":[{"href":"https:\/\/uus.kokariided.ee\/en\/wp-json\/wp\/v2\/types\/product"}],"replies":[{"embeddable":true,"href":"https:\/\/uus.kokariided.ee\/en\/wp-json\/wp\/v2\/comments?post=15497"}],"wp:featuredmedia":[{"embeddable":true,"href":"https:\/\/uus.kokariided.ee\/en\/wp-json\/wp\/v2\/media\/15498"}],"wp:attachment":[{"href":"https:\/\/uus.kokariided.ee\/en\/wp-json\/wp\/v2\/media?parent=15497"}],"wp:term":[{"taxonomy":"product_cat","embeddable":true,"href":"https:\/\/uus.kokariided.ee\/en\/wp-json\/wp\/v2\/product_cat?post=15497"},{"taxonomy":"product_tag","embeddable":true,"href":"https:\/\/uus.kokariided.ee\/en\/wp-json\/wp\/v2\/product_tag?post=15497"}],"curies":[{"name":"wp","href":"https:\/\/api.w.org\/{rel}","templated":true}]}}