{"id":15521,"date":"2023-06-27T17:00:27","date_gmt":"2023-06-27T17:00:27","guid":{"rendered":"https:\/\/uus.kokariided.ee\/?product=voeoepoll-indigo-denim-79x395cm-4-taskuga"},"modified":"2024-04-09T14:13:41","modified_gmt":"2024-04-09T14:13:41","slug":"voeoepoll-indigo-denim-79x395cm-4-taskuga","status":"publish","type":"product","link":"https:\/\/uus.kokariided.ee\/en\/product\/voeoepoll-indigo-denim-79x395cm-4-taskuga\/","title":{"rendered":"V\u00f6\u00f6p\u00f5ll INDIGO DENIM 79&#215;39,5cm, 4 taskuga"},"content":{"rendered":"","protected":false},"excerpt":{"rendered":"<p>Poolpikk must\u00a0bistroo\/teenindaja p\u00f5ll. P\u00f5lle ees on 4 taskut, mis on sobilikud t\u00f6\u00f6vahenditele, mis peavad\u00a0kiiresti k\u00e4ep\u00e4rast olema.<br \/>\nM\u00f5\u00f5dud: laius\/k\u00f5rgus 79&#215;39,5cm<br \/>\nMaterjal:\u00a070% puuvill, 30% pol\u00fcester.<\/p>","protected":false},"featured_media":15522,"comment_status":"open","ping_status":"closed","template":"","meta":[],"product_cat":[104,112,146,145,154],"product_tag":[],"class_list":{"0":"post-15521","1":"product","2":"type-product","3":"status-publish","4":"has-post-thumbnail","6":"product_cat-kokariided","7":"product_cat-polled","8":"product_cat-polled1755886053","9":"product_cat-teenindusriided","10":"product_cat-voeoepoll-80x45cm1755886068","12":"first","13":"instock","14":"shipping-taxable","15":"purchasable","16":"product-type-simple"},"_links":{"self":[{"href":"https:\/\/uus.kokariided.ee\/en\/wp-json\/wp\/v2\/product\/15521","targetHints":{"allow":["GET"]}}],"collection":[{"href":"https:\/\/uus.kokariided.ee\/en\/wp-json\/wp\/v2\/product"}],"about":[{"href":"https:\/\/uus.kokariided.ee\/en\/wp-json\/wp\/v2\/types\/product"}],"replies":[{"embeddable":true,"href":"https:\/\/uus.kokariided.ee\/en\/wp-json\/wp\/v2\/comments?post=15521"}],"wp:featuredmedia":[{"embeddable":true,"href":"https:\/\/uus.kokariided.ee\/en\/wp-json\/wp\/v2\/media\/15522"}],"wp:attachment":[{"href":"https:\/\/uus.kokariided.ee\/en\/wp-json\/wp\/v2\/media?parent=15521"}],"wp:term":[{"taxonomy":"product_cat","embeddable":true,"href":"https:\/\/uus.kokariided.ee\/en\/wp-json\/wp\/v2\/product_cat?post=15521"},{"taxonomy":"product_tag","embeddable":true,"href":"https:\/\/uus.kokariided.ee\/en\/wp-json\/wp\/v2\/product_tag?post=15521"}],"curies":[{"name":"wp","href":"https:\/\/api.w.org\/{rel}","templated":true}]}}