{"id":15529,"date":"2023-06-27T17:17:17","date_gmt":"2023-06-27T17:17:17","guid":{"rendered":"https:\/\/uus.kokariided.ee\/?product=poll-black-denim-72x86cm-tagant-risti-kinnitusega"},"modified":"2025-08-08T12:30:08","modified_gmt":"2025-08-08T12:30:08","slug":"poll-black-denim-72x86cm-tagant-risti-kinnitusega","status":"publish","type":"product","link":"https:\/\/uus.kokariided.ee\/en\/product\/poll-black-denim-72x86cm-tagant-risti-kinnitusega\/","title":{"rendered":"P\u00f5ll Black Denim 72x86cm, tagant risti kinnitusega"},"content":{"rendered":"","protected":false},"excerpt":{"rendered":"<p>Klapiga p\u00f5ll, mis sobib suurep\u00e4raselt nii k\u00f6\u00f6ki kui ka teenindajatele. P\u00f5lle ees on mahukas tasku, tagant risti kinnitusega.<br \/>\nM\u00f5\u00f5dud: 72x86cm<br \/>\nMaterjal: 30% pol\u00fcester, 70% puuvill, 265g\/m2<\/p>","protected":false},"featured_media":15530,"comment_status":"open","ping_status":"closed","template":"","meta":[],"product_cat":[160,769,112],"product_tag":[284,654,653,655,620,619],"class_list":{"0":"post-15529","1":"product","2":"type-product","3":"status-publish","4":"has-post-thumbnail","6":"product_cat-klapiga-poll-75x90cm","7":"product_cat-klapiga-poll-75x90cm-taskutega","8":"product_cat-polled","9":"product_tag-klapiga-poll","10":"product_tag-pr129","11":"product_tag-risti-kinnitus","12":"product_tag-ristuv","13":"product_tag-taskuga","14":"product_tag-taskuga-poll","16":"first","17":"instock","18":"shipping-taxable","19":"purchasable","20":"product-type-variable"},"_links":{"self":[{"href":"https:\/\/uus.kokariided.ee\/en\/wp-json\/wp\/v2\/product\/15529","targetHints":{"allow":["GET"]}}],"collection":[{"href":"https:\/\/uus.kokariided.ee\/en\/wp-json\/wp\/v2\/product"}],"about":[{"href":"https:\/\/uus.kokariided.ee\/en\/wp-json\/wp\/v2\/types\/product"}],"replies":[{"embeddable":true,"href":"https:\/\/uus.kokariided.ee\/en\/wp-json\/wp\/v2\/comments?post=15529"}],"wp:featuredmedia":[{"embeddable":true,"href":"https:\/\/uus.kokariided.ee\/en\/wp-json\/wp\/v2\/media\/15530"}],"wp:attachment":[{"href":"https:\/\/uus.kokariided.ee\/en\/wp-json\/wp\/v2\/media?parent=15529"}],"wp:term":[{"taxonomy":"product_cat","embeddable":true,"href":"https:\/\/uus.kokariided.ee\/en\/wp-json\/wp\/v2\/product_cat?post=15529"},{"taxonomy":"product_tag","embeddable":true,"href":"https:\/\/uus.kokariided.ee\/en\/wp-json\/wp\/v2\/product_tag?post=15529"}],"curies":[{"name":"wp","href":"https:\/\/api.w.org\/{rel}","templated":true}]}}