{"id":15534,"date":"2023-06-27T17:25:47","date_gmt":"2023-06-27T17:25:47","guid":{"rendered":"https:\/\/uus.kokariided.ee\/?product=poll-black-denim-72x86cm-4-taskuga"},"modified":"2025-07-28T12:27:21","modified_gmt":"2025-07-28T12:27:21","slug":"poll-black-denim-72x86cm-4-taskuga","status":"publish","type":"product","link":"https:\/\/uus.kokariided.ee\/en\/product\/poll-black-denim-72x86cm-4-taskuga\/","title":{"rendered":"P\u00f5ll Black Denim 72x86cm, 4 taskuga"},"content":{"rendered":"","protected":false},"excerpt":{"rendered":"<p>Klassikaline klapiga p\u00f5ll, mis sobib suurep\u00e4raselt nii k\u00f6\u00f6ki kui ka teenindajatele. P\u00f5lle ees 4 taskut, mida saab kasutada tarvete jaoks, mis peavad kiiresti k\u00e4ep\u00e4rast olema. Kaelapael on reguleeritav pandlaga.<br \/>\nM\u00f5\u00f5dud: 72x86cm<br \/>\nMaterjal: 30% pol\u00fcester, 70% puuvill, 275g\/m2<\/p>","protected":false},"featured_media":15535,"comment_status":"open","ping_status":"closed","template":"","meta":[],"product_cat":[160,112],"product_tag":[284,658,657,656,620,619],"class_list":{"0":"post-15534","1":"product","2":"type-product","3":"status-publish","4":"has-post-thumbnail","6":"product_cat-klapiga-poll-75x90cm","7":"product_cat-polled","8":"product_tag-klapiga-poll","9":"product_tag-pandlaga","10":"product_tag-pannal","11":"product_tag-pr126","12":"product_tag-taskuga","13":"product_tag-taskuga-poll","15":"first","16":"instock","17":"shipping-taxable","18":"purchasable","19":"product-type-variable"},"_links":{"self":[{"href":"https:\/\/uus.kokariided.ee\/en\/wp-json\/wp\/v2\/product\/15534","targetHints":{"allow":["GET"]}}],"collection":[{"href":"https:\/\/uus.kokariided.ee\/en\/wp-json\/wp\/v2\/product"}],"about":[{"href":"https:\/\/uus.kokariided.ee\/en\/wp-json\/wp\/v2\/types\/product"}],"replies":[{"embeddable":true,"href":"https:\/\/uus.kokariided.ee\/en\/wp-json\/wp\/v2\/comments?post=15534"}],"wp:featuredmedia":[{"embeddable":true,"href":"https:\/\/uus.kokariided.ee\/en\/wp-json\/wp\/v2\/media\/15535"}],"wp:attachment":[{"href":"https:\/\/uus.kokariided.ee\/en\/wp-json\/wp\/v2\/media?parent=15534"}],"wp:term":[{"taxonomy":"product_cat","embeddable":true,"href":"https:\/\/uus.kokariided.ee\/en\/wp-json\/wp\/v2\/product_cat?post=15534"},{"taxonomy":"product_tag","embeddable":true,"href":"https:\/\/uus.kokariided.ee\/en\/wp-json\/wp\/v2\/product_tag?post=15534"}],"curies":[{"name":"wp","href":"https:\/\/api.w.org\/{rel}","templated":true}]}}