{"id":15552,"date":"2023-07-04T14:40:46","date_gmt":"2023-07-04T14:40:46","guid":{"rendered":"https:\/\/uus.kokariided.ee\/?product=voeoepoll-80x45cm-tuerkiis"},"modified":"2024-04-02T15:56:31","modified_gmt":"2024-04-02T15:56:31","slug":"voeoepoll-80x45cm-tuerkiis","status":"publish","type":"product","link":"https:\/\/uus.kokariided.ee\/en\/product\/voeoepoll-80x45cm-tuerkiis\/","title":{"rendered":"V\u00f6\u00f6p\u00f5ll 80x45cm, t\u00fcrkiis"},"content":{"rendered":"","protected":false},"excerpt":{"rendered":"<p>V\u00f6\u00f6p\u00f5ll\u00a0teenindajatele m\u00f5\u00f5tudega 80x45cm,\u00a0taskuteta.<br \/>\nMaterjalid: 65% pol\u00fcester, 35% puuvill,\u00a0220 g\/m\u00b2<\/p>","protected":false},"featured_media":15553,"comment_status":"open","ping_status":"closed","template":"","meta":[],"product_cat":[104,112,154],"product_tag":[],"class_list":{"0":"post-15552","1":"product","2":"type-product","3":"status-publish","4":"has-post-thumbnail","6":"product_brand-exner","7":"product_cat-kokariided","8":"product_cat-polled","9":"product_cat-voeoepoll-80x45cm1755886068","11":"first","12":"instock","13":"shipping-taxable","14":"purchasable","15":"product-type-simple"},"_links":{"self":[{"href":"https:\/\/uus.kokariided.ee\/en\/wp-json\/wp\/v2\/product\/15552","targetHints":{"allow":["GET"]}}],"collection":[{"href":"https:\/\/uus.kokariided.ee\/en\/wp-json\/wp\/v2\/product"}],"about":[{"href":"https:\/\/uus.kokariided.ee\/en\/wp-json\/wp\/v2\/types\/product"}],"replies":[{"embeddable":true,"href":"https:\/\/uus.kokariided.ee\/en\/wp-json\/wp\/v2\/comments?post=15552"}],"wp:featuredmedia":[{"embeddable":true,"href":"https:\/\/uus.kokariided.ee\/en\/wp-json\/wp\/v2\/media\/15553"}],"wp:attachment":[{"href":"https:\/\/uus.kokariided.ee\/en\/wp-json\/wp\/v2\/media?parent=15552"}],"wp:term":[{"taxonomy":"product_cat","embeddable":true,"href":"https:\/\/uus.kokariided.ee\/en\/wp-json\/wp\/v2\/product_cat?post=15552"},{"taxonomy":"product_tag","embeddable":true,"href":"https:\/\/uus.kokariided.ee\/en\/wp-json\/wp\/v2\/product_tag?post=15552"}],"curies":[{"name":"wp","href":"https:\/\/api.w.org\/{rel}","templated":true}]}}