{"id":15558,"date":"2023-07-04T15:05:50","date_gmt":"2023-07-04T15:05:50","guid":{"rendered":"https:\/\/uus.kokariided.ee\/?product=voeoepoll-versailles-92x88cm-beez"},"modified":"2024-04-02T15:56:31","modified_gmt":"2024-04-02T15:56:31","slug":"voeoepoll-versailles-92x88cm-beez","status":"publish","type":"product","link":"https:\/\/uus.kokariided.ee\/en\/product\/voeoepoll-versailles-92x88cm-beez\/","title":{"rendered":"V\u00f6\u00f6p\u00f5ll Versailles 92x88cm, bee\u017e"},"content":{"rendered":"","protected":false},"excerpt":{"rendered":"<p>V\u00f6\u00f6p\u00f5ll sobilik teenindusse. P\u00f5ll on eest l\u00f5hikuga ja kahe taskuga.<br \/>\nMaterjal: 100% pol\u00fcester\u00a0<br \/>\nM\u00f5\u00f5dud: 92x88cm<\/p>","protected":false},"featured_media":15559,"comment_status":"open","ping_status":"closed","template":"","meta":[],"product_cat":[104,146,112,145,764,765],"product_tag":[228],"class_list":{"0":"post-15558","1":"product","2":"type-product","3":"status-publish","4":"has-post-thumbnail","6":"product_brand-isacco","7":"product_cat-kokariided","8":"product_cat-polled1755886053","9":"product_cat-polled","10":"product_cat-teenindusriided","11":"product_cat-voeoepoll-90x80cm","12":"product_cat-voeoepoll-90x80cm1756114954","13":"product_tag-soodus","15":"first","16":"instock","17":"shipping-taxable","18":"purchasable","19":"product-type-simple"},"_links":{"self":[{"href":"https:\/\/uus.kokariided.ee\/en\/wp-json\/wp\/v2\/product\/15558","targetHints":{"allow":["GET"]}}],"collection":[{"href":"https:\/\/uus.kokariided.ee\/en\/wp-json\/wp\/v2\/product"}],"about":[{"href":"https:\/\/uus.kokariided.ee\/en\/wp-json\/wp\/v2\/types\/product"}],"replies":[{"embeddable":true,"href":"https:\/\/uus.kokariided.ee\/en\/wp-json\/wp\/v2\/comments?post=15558"}],"wp:featuredmedia":[{"embeddable":true,"href":"https:\/\/uus.kokariided.ee\/en\/wp-json\/wp\/v2\/media\/15559"}],"wp:attachment":[{"href":"https:\/\/uus.kokariided.ee\/en\/wp-json\/wp\/v2\/media?parent=15558"}],"wp:term":[{"taxonomy":"product_cat","embeddable":true,"href":"https:\/\/uus.kokariided.ee\/en\/wp-json\/wp\/v2\/product_cat?post=15558"},{"taxonomy":"product_tag","embeddable":true,"href":"https:\/\/uus.kokariided.ee\/en\/wp-json\/wp\/v2\/product_tag?post=15558"}],"curies":[{"name":"wp","href":"https:\/\/api.w.org\/{rel}","templated":true}]}}