{"id":15582,"date":"2023-07-06T17:15:55","date_gmt":"2023-07-06T17:15:55","guid":{"rendered":"https:\/\/uus.kokariided.ee\/?product=kokamuets-vorgust-must"},"modified":"2025-05-29T11:35:36","modified_gmt":"2025-05-29T11:35:36","slug":"kokamuets-vorgust-must","status":"publish","type":"product","link":"https:\/\/uus.kokariided.ee\/en\/product\/kokamuets-vorgust-must\/","title":{"rendered":"Kokam\u00fcts \u00fcleni v\u00f5rgust, must"},"content":{"rendered":"","protected":false},"excerpt":{"rendered":"<p>Kokam\u00fcts on \u00fcleni venivast v\u00f5rgust, mille t\u00f5ttu on seda mugav kanda. Hingav ning tagant kummipaelaga.<br \/>\n100% pol\u00fcester,\u00a0160 g\/m2. Saadaval ka valgena. Pigem v\u00e4iksemapoolsem peakate.<\/p>","protected":false},"featured_media":15583,"comment_status":"open","ping_status":"closed","template":"","meta":[],"product_cat":[781,111,104,779],"product_tag":[659],"class_list":{"0":"post-15582","1":"product","2":"type-product","3":"status-publish","4":"has-post-thumbnail","6":"product_brand-giblors","7":"product_cat-kokamuetsid","8":"product_cat-kokamuetsid-ja-peakatted","9":"product_cat-kokariided","10":"product_cat-pagarimuetsid","11":"product_tag-vorguga","13":"first","14":"instock","15":"shipping-taxable","16":"purchasable","17":"product-type-simple"},"_links":{"self":[{"href":"https:\/\/uus.kokariided.ee\/en\/wp-json\/wp\/v2\/product\/15582","targetHints":{"allow":["GET"]}}],"collection":[{"href":"https:\/\/uus.kokariided.ee\/en\/wp-json\/wp\/v2\/product"}],"about":[{"href":"https:\/\/uus.kokariided.ee\/en\/wp-json\/wp\/v2\/types\/product"}],"replies":[{"embeddable":true,"href":"https:\/\/uus.kokariided.ee\/en\/wp-json\/wp\/v2\/comments?post=15582"}],"wp:featuredmedia":[{"embeddable":true,"href":"https:\/\/uus.kokariided.ee\/en\/wp-json\/wp\/v2\/media\/15583"}],"wp:attachment":[{"href":"https:\/\/uus.kokariided.ee\/en\/wp-json\/wp\/v2\/media?parent=15582"}],"wp:term":[{"taxonomy":"product_cat","embeddable":true,"href":"https:\/\/uus.kokariided.ee\/en\/wp-json\/wp\/v2\/product_cat?post=15582"},{"taxonomy":"product_tag","embeddable":true,"href":"https:\/\/uus.kokariided.ee\/en\/wp-json\/wp\/v2\/product_tag?post=15582"}],"curies":[{"name":"wp","href":"https:\/\/api.w.org\/{rel}","templated":true}]}}