{"id":15618,"date":"2023-07-31T11:55:08","date_gmt":"2023-07-31T11:55:08","guid":{"rendered":"https:\/\/uus.kokariided.ee\/?product=naiste-jakk-alessia-valge"},"modified":"2025-05-19T14:29:12","modified_gmt":"2025-05-19T14:29:12","slug":"naiste-jakk-alessia-valge","status":"publish","type":"product","link":"https:\/\/uus.kokariided.ee\/en\/product\/naiste-jakk-alessia-valge\/","title":{"rendered":"Naiste jakk Alessia, valge"},"content":{"rendered":"","protected":false},"excerpt":{"rendered":"<p>L\u00fchikeste varrukatega trukkidega jakk naistele, jaki m\u00f5lemal k\u00fcljel taskud. Trukkidel puudub nahakontakt.<br \/>\n100 % puuvill<br \/>\nSuurused XS-4XL<\/p>","protected":false},"featured_media":15619,"comment_status":"open","ping_status":"closed","template":"","meta":[],"product_cat":[790],"product_tag":[],"class_list":{"0":"post-15618","1":"product","2":"type-product","3":"status-publish","4":"has-post-thumbnail","6":"product_brand-egochef","7":"product_cat-naiste-kokajakid","9":"first","10":"instock","11":"sale","12":"shipping-taxable","13":"purchasable","14":"product-type-variable"},"_links":{"self":[{"href":"https:\/\/uus.kokariided.ee\/en\/wp-json\/wp\/v2\/product\/15618","targetHints":{"allow":["GET"]}}],"collection":[{"href":"https:\/\/uus.kokariided.ee\/en\/wp-json\/wp\/v2\/product"}],"about":[{"href":"https:\/\/uus.kokariided.ee\/en\/wp-json\/wp\/v2\/types\/product"}],"replies":[{"embeddable":true,"href":"https:\/\/uus.kokariided.ee\/en\/wp-json\/wp\/v2\/comments?post=15618"}],"wp:featuredmedia":[{"embeddable":true,"href":"https:\/\/uus.kokariided.ee\/en\/wp-json\/wp\/v2\/media\/15619"}],"wp:attachment":[{"href":"https:\/\/uus.kokariided.ee\/en\/wp-json\/wp\/v2\/media?parent=15618"}],"wp:term":[{"taxonomy":"product_cat","embeddable":true,"href":"https:\/\/uus.kokariided.ee\/en\/wp-json\/wp\/v2\/product_cat?post=15618"},{"taxonomy":"product_tag","embeddable":true,"href":"https:\/\/uus.kokariided.ee\/en\/wp-json\/wp\/v2\/product_tag?post=15618"}],"curies":[{"name":"wp","href":"https:\/\/api.w.org\/{rel}","templated":true}]}}