{"id":15640,"date":"2023-08-10T12:39:59","date_gmt":"2023-08-10T12:39:59","guid":{"rendered":"https:\/\/uus.kokariided.ee\/?product=meeste-rf-kokajakk-49492-valge"},"modified":"2025-04-21T11:19:45","modified_gmt":"2025-04-21T11:19:45","slug":"meeste-rf-kokajakk-49492-valge","status":"publish","type":"product","link":"https:\/\/uus.kokariided.ee\/en\/product\/meeste-rf-kokajakk-49492-valge\/","title":{"rendered":"Meeste kokajakk RF (49\/49\/2), valge"},"content":{"rendered":"","protected":false},"excerpt":{"rendered":"<p>Meeste Regular Fit kokajakk, millel on topelt n\u00f6\u00f6paugurida, rinnatasku ning kaenlaalused ventilatsiooniavad. Seljal printsessi\u00f5mblused. N\u00f6\u00f6pideta, kuid meeldivaimad n\u00f6\u00f6bid saab ise kokajakile valida, n\u00e4iteks\u00a0SIIT<br \/>\nSuurused XS-3XL ning saadaval ka mustana,\u00a049% puuvill, 49% pol\u00fcester, 2% elastolefiin.\u00a0<\/p>","protected":false},"featured_media":15641,"comment_status":"open","ping_status":"closed","template":"","meta":[],"product_cat":[110,104,789],"product_tag":[],"class_list":{"0":"post-15640","1":"product","2":"type-product","3":"status-publish","4":"has-post-thumbnail","6":"product_brand-greiff","7":"product_cat-kokajakid","8":"product_cat-kokariided","9":"product_cat-meeste-unisex-kokajakid","11":"first","12":"instock","13":"shipping-taxable","14":"purchasable","15":"product-type-variable"},"_links":{"self":[{"href":"https:\/\/uus.kokariided.ee\/en\/wp-json\/wp\/v2\/product\/15640","targetHints":{"allow":["GET"]}}],"collection":[{"href":"https:\/\/uus.kokariided.ee\/en\/wp-json\/wp\/v2\/product"}],"about":[{"href":"https:\/\/uus.kokariided.ee\/en\/wp-json\/wp\/v2\/types\/product"}],"replies":[{"embeddable":true,"href":"https:\/\/uus.kokariided.ee\/en\/wp-json\/wp\/v2\/comments?post=15640"}],"wp:featuredmedia":[{"embeddable":true,"href":"https:\/\/uus.kokariided.ee\/en\/wp-json\/wp\/v2\/media\/15641"}],"wp:attachment":[{"href":"https:\/\/uus.kokariided.ee\/en\/wp-json\/wp\/v2\/media?parent=15640"}],"wp:term":[{"taxonomy":"product_cat","embeddable":true,"href":"https:\/\/uus.kokariided.ee\/en\/wp-json\/wp\/v2\/product_cat?post=15640"},{"taxonomy":"product_tag","embeddable":true,"href":"https:\/\/uus.kokariided.ee\/en\/wp-json\/wp\/v2\/product_tag?post=15640"}],"curies":[{"name":"wp","href":"https:\/\/api.w.org\/{rel}","templated":true}]}}