{"id":15653,"date":"2023-08-17T12:17:34","date_gmt":"2023-08-17T12:17:34","guid":{"rendered":"https:\/\/uus.kokariided.ee\/?product=naiste-kokajakk-rf-valge"},"modified":"2025-07-03T15:27:24","modified_gmt":"2025-07-03T15:27:24","slug":"naiste-kokajakk-rf-valge","status":"publish","type":"product","link":"https:\/\/uus.kokariided.ee\/en\/product\/naiste-kokajakk-rf-valge\/","title":{"rendered":"Naiste kokajakk RF, valge"},"content":{"rendered":"","protected":false},"excerpt":{"rendered":"<p>Naiselik taljes RF kokajakk, millel on\u00a0topelt n\u00f6\u00f6paugurida. Vasakul varrukal on tasku, kaenla all on \u00f5hutusavad, printsessi\u00f5mblustega. N\u00f6\u00f6pideta, kuid meeldivaimad n\u00f6\u00f6bid saab ise kokajakile valida, n\u00e4iteks SIIT.<br \/>\n100% puuvill, RF &#8211; regular fit<\/p>","protected":false},"featured_media":15654,"comment_status":"open","ping_status":"closed","template":"","meta":[],"product_cat":[110,104,790],"product_tag":[542,442,660,213,618],"class_list":{"0":"post-15653","1":"product","2":"type-product","3":"status-publish","4":"has-post-thumbnail","6":"product_brand-greiff","7":"product_cat-kokajakid","8":"product_cat-kokariided","9":"product_cat-naiste-kokajakid","10":"product_tag-naiselik","11":"product_tag-naiste-kokajakk","12":"product_tag-oeko-tex","13":"product_tag-puuvill","14":"product_tag-puuvillane","16":"first","17":"instock","18":"shipping-taxable","19":"purchasable","20":"product-type-variable"},"_links":{"self":[{"href":"https:\/\/uus.kokariided.ee\/en\/wp-json\/wp\/v2\/product\/15653","targetHints":{"allow":["GET"]}}],"collection":[{"href":"https:\/\/uus.kokariided.ee\/en\/wp-json\/wp\/v2\/product"}],"about":[{"href":"https:\/\/uus.kokariided.ee\/en\/wp-json\/wp\/v2\/types\/product"}],"replies":[{"embeddable":true,"href":"https:\/\/uus.kokariided.ee\/en\/wp-json\/wp\/v2\/comments?post=15653"}],"wp:featuredmedia":[{"embeddable":true,"href":"https:\/\/uus.kokariided.ee\/en\/wp-json\/wp\/v2\/media\/15654"}],"wp:attachment":[{"href":"https:\/\/uus.kokariided.ee\/en\/wp-json\/wp\/v2\/media?parent=15653"}],"wp:term":[{"taxonomy":"product_cat","embeddable":true,"href":"https:\/\/uus.kokariided.ee\/en\/wp-json\/wp\/v2\/product_cat?post=15653"},{"taxonomy":"product_tag","embeddable":true,"href":"https:\/\/uus.kokariided.ee\/en\/wp-json\/wp\/v2\/product_tag?post=15653"}],"curies":[{"name":"wp","href":"https:\/\/api.w.org\/{rel}","templated":true}]}}