{"id":15703,"date":"2023-09-28T11:46:25","date_gmt":"2023-09-28T11:46:25","guid":{"rendered":"https:\/\/uus.kokariided.ee\/?product=naiste-jakk-alessia-saylor"},"modified":"2025-02-20T11:30:09","modified_gmt":"2025-02-20T11:30:09","slug":"naiste-jakk-alessia-saylor","status":"publish","type":"product","link":"https:\/\/uus.kokariided.ee\/en\/product\/naiste-jakk-alessia-saylor\/","title":{"rendered":"Naiste jakk Alessia, Saylor"},"content":{"rendered":"","protected":false},"excerpt":{"rendered":"<p>L\u00fchikeste varrukatega trukkidega jakk naistele, jaki m\u00f5lemal k\u00fcljel taskud. Trukkidel puudub nahakontakt.<br \/>\n65% pol\u00fcester, 35% puuvill<br \/>\nSuurused XS-4XL<\/p>","protected":false},"featured_media":15704,"comment_status":"open","ping_status":"closed","template":"","meta":[],"product_cat":[790],"product_tag":[],"class_list":{"0":"post-15703","1":"product","2":"type-product","3":"status-publish","4":"has-post-thumbnail","6":"product_brand-egochef","7":"product_cat-naiste-kokajakid","9":"first","10":"instock","11":"sale","12":"shipping-taxable","13":"purchasable","14":"product-type-variable"},"_links":{"self":[{"href":"https:\/\/uus.kokariided.ee\/en\/wp-json\/wp\/v2\/product\/15703","targetHints":{"allow":["GET"]}}],"collection":[{"href":"https:\/\/uus.kokariided.ee\/en\/wp-json\/wp\/v2\/product"}],"about":[{"href":"https:\/\/uus.kokariided.ee\/en\/wp-json\/wp\/v2\/types\/product"}],"replies":[{"embeddable":true,"href":"https:\/\/uus.kokariided.ee\/en\/wp-json\/wp\/v2\/comments?post=15703"}],"wp:featuredmedia":[{"embeddable":true,"href":"https:\/\/uus.kokariided.ee\/en\/wp-json\/wp\/v2\/media\/15704"}],"wp:attachment":[{"href":"https:\/\/uus.kokariided.ee\/en\/wp-json\/wp\/v2\/media?parent=15703"}],"wp:term":[{"taxonomy":"product_cat","embeddable":true,"href":"https:\/\/uus.kokariided.ee\/en\/wp-json\/wp\/v2\/product_cat?post=15703"},{"taxonomy":"product_tag","embeddable":true,"href":"https:\/\/uus.kokariided.ee\/en\/wp-json\/wp\/v2\/product_tag?post=15703"}],"curies":[{"name":"wp","href":"https:\/\/api.w.org\/{rel}","templated":true}]}}