{"id":15742,"date":"2023-11-02T13:51:02","date_gmt":"2023-11-02T13:51:02","guid":{"rendered":"https:\/\/uus.kokariided.ee\/?product=naiste-pluus-34-varrukas-must"},"modified":"2024-06-12T11:32:11","modified_gmt":"2024-06-12T11:32:11","slug":"naiste-pluus-34-varrukas-must","status":"publish","type":"product","link":"https:\/\/uus.kokariided.ee\/en\/product\/naiste-pluus-34-varrukas-must\/","title":{"rendered":"Naiste pluus, 3\/4 varrukas, must"},"content":{"rendered":"","protected":false},"excerpt":{"rendered":"<p>Naiste pluus 3\/4 varrukatega. Regular fit, rev\u00e4\u00e4rkrae ning printsessi \u00f5mblustega. Elastaan lisab pluusile venivust, mis teeb kandmise mugavamaks.<br \/>\n62% puuvill, 35% pol\u00fcester, 3% elastaan.<br \/>\nSaadaval ka valge ja helesinisena.<\/p>","protected":false},"featured_media":15743,"comment_status":"open","ping_status":"closed","template":"","meta":[],"product_cat":[756,753,145],"product_tag":[350,661,358,662,331,663],"class_list":{"0":"post-15742","1":"product","2":"type-product","3":"status-publish","4":"has-post-thumbnail","6":"product_brand-greiff","7":"product_cat-naiste-pluusidsaergid","8":"product_cat-saergid-ja-pluusid","9":"product_cat-teenindusriided","10":"product_tag-350","11":"product_tag-34-varrukas","12":"product_tag-kolmveerand","13":"product_tag-kolmveerand-varrukas","14":"product_tag-pluus","15":"product_tag-varrukas","17":"first","18":"instock","19":"shipping-taxable","20":"purchasable","21":"product-type-variable"},"_links":{"self":[{"href":"https:\/\/uus.kokariided.ee\/en\/wp-json\/wp\/v2\/product\/15742","targetHints":{"allow":["GET"]}}],"collection":[{"href":"https:\/\/uus.kokariided.ee\/en\/wp-json\/wp\/v2\/product"}],"about":[{"href":"https:\/\/uus.kokariided.ee\/en\/wp-json\/wp\/v2\/types\/product"}],"replies":[{"embeddable":true,"href":"https:\/\/uus.kokariided.ee\/en\/wp-json\/wp\/v2\/comments?post=15742"}],"wp:featuredmedia":[{"embeddable":true,"href":"https:\/\/uus.kokariided.ee\/en\/wp-json\/wp\/v2\/media\/15743"}],"wp:attachment":[{"href":"https:\/\/uus.kokariided.ee\/en\/wp-json\/wp\/v2\/media?parent=15742"}],"wp:term":[{"taxonomy":"product_cat","embeddable":true,"href":"https:\/\/uus.kokariided.ee\/en\/wp-json\/wp\/v2\/product_cat?post=15742"},{"taxonomy":"product_tag","embeddable":true,"href":"https:\/\/uus.kokariided.ee\/en\/wp-json\/wp\/v2\/product_tag?post=15742"}],"curies":[{"name":"wp","href":"https:\/\/api.w.org\/{rel}","templated":true}]}}