{"id":15827,"date":"2023-12-06T12:11:56","date_gmt":"2023-12-06T12:11:56","guid":{"rendered":"https:\/\/uus.kokariided.ee\/?product=naiste-kokapueksid-ruudulised-100-pv"},"modified":"2024-05-17T14:37:39","modified_gmt":"2024-05-17T14:37:39","slug":"naiste-kokapueksid-ruudulised-100-pv","status":"publish","type":"product","link":"https:\/\/uus.kokariided.ee\/en\/product\/naiste-kokapueksid-ruudulised-100-pv\/","title":{"rendered":"Naiste kokap\u00fcksid, ruudulised, 100% pv"},"content":{"rendered":"","protected":false},"excerpt":{"rendered":"<p>Naiste Regular Fit musta-valgeruudulised p\u00fcksid, millel on 5 taskut. Seljatagune v\u00f6\u00f6osa on kummipaelaga.<br \/>\nMaterjal: 100% puuvill,\u00a0200 g\/m\u00b2.<\/p>","protected":false},"featured_media":15828,"comment_status":"open","ping_status":"closed","template":"","meta":[],"product_cat":[104,788,113],"product_tag":[261,666],"class_list":{"0":"post-15827","1":"product","2":"type-product","3":"status-publish","4":"has-post-thumbnail","6":"product_brand-greiff","7":"product_cat-kokariided","8":"product_cat-naiste-kokapueksid","9":"product_cat-pueksid","10":"product_tag-95-kraadi","11":"product_tag-ruudulised","13":"first","14":"instock","15":"shipping-taxable","16":"purchasable","17":"product-type-variable"},"_links":{"self":[{"href":"https:\/\/uus.kokariided.ee\/en\/wp-json\/wp\/v2\/product\/15827","targetHints":{"allow":["GET"]}}],"collection":[{"href":"https:\/\/uus.kokariided.ee\/en\/wp-json\/wp\/v2\/product"}],"about":[{"href":"https:\/\/uus.kokariided.ee\/en\/wp-json\/wp\/v2\/types\/product"}],"replies":[{"embeddable":true,"href":"https:\/\/uus.kokariided.ee\/en\/wp-json\/wp\/v2\/comments?post=15827"}],"wp:featuredmedia":[{"embeddable":true,"href":"https:\/\/uus.kokariided.ee\/en\/wp-json\/wp\/v2\/media\/15828"}],"wp:attachment":[{"href":"https:\/\/uus.kokariided.ee\/en\/wp-json\/wp\/v2\/media?parent=15827"}],"wp:term":[{"taxonomy":"product_cat","embeddable":true,"href":"https:\/\/uus.kokariided.ee\/en\/wp-json\/wp\/v2\/product_cat?post=15827"},{"taxonomy":"product_tag","embeddable":true,"href":"https:\/\/uus.kokariided.ee\/en\/wp-json\/wp\/v2\/product_tag?post=15827"}],"curies":[{"name":"wp","href":"https:\/\/api.w.org\/{rel}","templated":true}]}}