{"id":15859,"date":"2023-12-13T15:48:21","date_gmt":"2023-12-13T15:48:21","guid":{"rendered":"https:\/\/uus.kokariided.ee\/?product=naiste-strets-teksa-stiilis-pueksid-mustad"},"modified":"2024-05-15T13:05:20","modified_gmt":"2024-05-15T13:05:20","slug":"naiste-strets-teksa-stiilis-pueksid-mustad","status":"publish","type":"product","link":"https:\/\/uus.kokariided.ee\/en\/product\/naiste-strets-teksa-stiilis-pueksid-mustad\/","title":{"rendered":"Naiste stret\u0161 teksa stiilis p\u00fcksid, mustad"},"content":{"rendered":"","protected":false},"excerpt":{"rendered":"<p>Naiste sirgel\u00f5ikelised ning 5-taskuga p\u00fcksid.\u00a0Veniv materjal, mis\u00a0garanteerib mugava liikuvuse.\u00a0Materjal on hingav ning tagab\u00a0optimaalse niiskusjuhtimise. Cool stretch. Pesu kuni 60 kraadi.<br \/>\nMaterjal: 40% puuvill, 30%pol\u00fcster, 30% elastaan, 205 g\/m2<\/p>","protected":false},"featured_media":15860,"comment_status":"open","ping_status":"closed","template":"","meta":[],"product_cat":[104,788,113,106],"product_tag":[268,267,269,368],"class_list":{"0":"post-15859","1":"product","2":"type-product","3":"status-publish","4":"has-post-thumbnail","6":"product_brand-greiff","7":"product_cat-kokariided","8":"product_cat-naiste-kokapueksid","9":"product_cat-pueksid","10":"product_cat-soodusmueuek","11":"product_tag-stretch","12":"product_tag-strets","13":"product_tag-veniv","14":"product_tag-venivad","16":"first","17":"instock","18":"sale","19":"shipping-taxable","20":"purchasable","21":"product-type-variable"},"_links":{"self":[{"href":"https:\/\/uus.kokariided.ee\/en\/wp-json\/wp\/v2\/product\/15859","targetHints":{"allow":["GET"]}}],"collection":[{"href":"https:\/\/uus.kokariided.ee\/en\/wp-json\/wp\/v2\/product"}],"about":[{"href":"https:\/\/uus.kokariided.ee\/en\/wp-json\/wp\/v2\/types\/product"}],"replies":[{"embeddable":true,"href":"https:\/\/uus.kokariided.ee\/en\/wp-json\/wp\/v2\/comments?post=15859"}],"wp:featuredmedia":[{"embeddable":true,"href":"https:\/\/uus.kokariided.ee\/en\/wp-json\/wp\/v2\/media\/15860"}],"wp:attachment":[{"href":"https:\/\/uus.kokariided.ee\/en\/wp-json\/wp\/v2\/media?parent=15859"}],"wp:term":[{"taxonomy":"product_cat","embeddable":true,"href":"https:\/\/uus.kokariided.ee\/en\/wp-json\/wp\/v2\/product_cat?post=15859"},{"taxonomy":"product_tag","embeddable":true,"href":"https:\/\/uus.kokariided.ee\/en\/wp-json\/wp\/v2\/product_tag?post=15859"}],"curies":[{"name":"wp","href":"https:\/\/api.w.org\/{rel}","templated":true}]}}