{"id":15873,"date":"2023-12-13T15:53:19","date_gmt":"2023-12-13T15:53:19","guid":{"rendered":"https:\/\/uus.kokariided.ee\/?product=meeste-kokajakk-rf-6535-valge"},"modified":"2025-03-21T11:53:38","modified_gmt":"2025-03-21T11:53:38","slug":"meeste-kokajakk-rf-6535-valge","status":"publish","type":"product","link":"https:\/\/uus.kokariided.ee\/en\/product\/meeste-kokajakk-rf-6535-valge\/","title":{"rendered":"Meeste kokajakk RF (65\/35), valge"},"content":{"rendered":"","protected":false},"excerpt":{"rendered":"<p>Meeste sirgel\u00f5ikeline RF kokajakk, millel on\u00a0topelt n\u00f6\u00f6paugurida. Vasakul\u00a0rinnal on tasku, kaenla all on \u00f5hutusavad, tagak\u00fcljel selja\u00f5mblused. N\u00f6\u00f6pideta, kuid meeldivaimad n\u00f6\u00f6bid saab ise kokajakile valida, n\u00e4iteks\u00a0SIIT<br \/>\n65% puuvill, 35% pol\u00fcester, RF &#8211; regular fit,\u00a0210 g\/m\u00b2<br \/>\nSuurused XS-3XL<\/p>","protected":false},"featured_media":15874,"comment_status":"open","ping_status":"closed","template":"","meta":[],"product_cat":[110,104,789],"product_tag":[],"class_list":{"0":"post-15873","1":"product","2":"type-product","3":"status-publish","4":"has-post-thumbnail","6":"product_brand-greiff","7":"product_cat-kokajakid","8":"product_cat-kokariided","9":"product_cat-meeste-unisex-kokajakid","11":"first","12":"instock","13":"shipping-taxable","14":"purchasable","15":"product-type-variable"},"_links":{"self":[{"href":"https:\/\/uus.kokariided.ee\/en\/wp-json\/wp\/v2\/product\/15873","targetHints":{"allow":["GET"]}}],"collection":[{"href":"https:\/\/uus.kokariided.ee\/en\/wp-json\/wp\/v2\/product"}],"about":[{"href":"https:\/\/uus.kokariided.ee\/en\/wp-json\/wp\/v2\/types\/product"}],"replies":[{"embeddable":true,"href":"https:\/\/uus.kokariided.ee\/en\/wp-json\/wp\/v2\/comments?post=15873"}],"wp:featuredmedia":[{"embeddable":true,"href":"https:\/\/uus.kokariided.ee\/en\/wp-json\/wp\/v2\/media\/15874"}],"wp:attachment":[{"href":"https:\/\/uus.kokariided.ee\/en\/wp-json\/wp\/v2\/media?parent=15873"}],"wp:term":[{"taxonomy":"product_cat","embeddable":true,"href":"https:\/\/uus.kokariided.ee\/en\/wp-json\/wp\/v2\/product_cat?post=15873"},{"taxonomy":"product_tag","embeddable":true,"href":"https:\/\/uus.kokariided.ee\/en\/wp-json\/wp\/v2\/product_tag?post=15873"}],"curies":[{"name":"wp","href":"https:\/\/api.w.org\/{rel}","templated":true}]}}