{"id":15900,"date":"2023-12-22T13:58:45","date_gmt":"2023-12-22T13:58:45","guid":{"rendered":"https:\/\/uus.kokariided.ee\/?product=noeoebid-red-1755947710"},"modified":"2024-04-26T14:36:31","modified_gmt":"2024-04-26T14:36:31","slug":"noeoebid-red-1755947710","status":"publish","type":"product","link":"https:\/\/uus.kokariided.ee\/en\/product\/noeoebid-red-1755947710\/","title":{"rendered":"N\u00f6\u00f6bid Red"},"content":{"rendered":"","protected":false},"excerpt":{"rendered":"<p>N\u00f6\u00f6pe 10 tk. pakis<\/p>","protected":false},"featured_media":15901,"comment_status":"open","ping_status":"closed","template":"","meta":[],"product_cat":[109,104],"product_tag":[],"class_list":{"0":"post-15900","1":"product","2":"type-product","3":"status-publish","4":"has-post-thumbnail","6":"product_brand-greiff","7":"product_cat-kokajaki-noeoebid","8":"product_cat-kokariided","10":"first","11":"instock","12":"shipping-taxable","13":"purchasable","14":"product-type-simple"},"_links":{"self":[{"href":"https:\/\/uus.kokariided.ee\/en\/wp-json\/wp\/v2\/product\/15900","targetHints":{"allow":["GET"]}}],"collection":[{"href":"https:\/\/uus.kokariided.ee\/en\/wp-json\/wp\/v2\/product"}],"about":[{"href":"https:\/\/uus.kokariided.ee\/en\/wp-json\/wp\/v2\/types\/product"}],"replies":[{"embeddable":true,"href":"https:\/\/uus.kokariided.ee\/en\/wp-json\/wp\/v2\/comments?post=15900"}],"wp:featuredmedia":[{"embeddable":true,"href":"https:\/\/uus.kokariided.ee\/en\/wp-json\/wp\/v2\/media\/15901"}],"wp:attachment":[{"href":"https:\/\/uus.kokariided.ee\/en\/wp-json\/wp\/v2\/media?parent=15900"}],"wp:term":[{"taxonomy":"product_cat","embeddable":true,"href":"https:\/\/uus.kokariided.ee\/en\/wp-json\/wp\/v2\/product_cat?post=15900"},{"taxonomy":"product_tag","embeddable":true,"href":"https:\/\/uus.kokariided.ee\/en\/wp-json\/wp\/v2\/product_tag?post=15900"}],"curies":[{"name":"wp","href":"https:\/\/api.w.org\/{rel}","templated":true}]}}