{"id":15902,"date":"2024-01-12T12:03:45","date_gmt":"2024-01-12T12:03:45","guid":{"rendered":"https:\/\/uus.kokariided.ee\/?product=riidepuu-puekstele"},"modified":"2024-01-12T12:30:02","modified_gmt":"2024-01-12T12:30:02","slug":"riidepuu-puekstele","status":"publish","type":"product","link":"https:\/\/uus.kokariided.ee\/en\/product\/riidepuu-puekstele\/","title":{"rendered":"Riidepuu p\u00fckstele, 5tk"},"content":{"rendered":"","protected":false},"excerpt":{"rendered":"<p>Plastikust p\u00fckste riidepuu, mille alumisel osal on pehmendus.\u00a0V\u00f5ib esineda kasutusj\u00e4lgi.<br \/>\nM\u00f5\u00f5dud: laius 38cm, k\u00f5rgus 17cm, vaheosa laius 35,5cm, vaheosa k\u00f5rgus 3,5cm.<br \/>\nMiinimumkogus ostmisel on 5 t\u00fckki.<\/p>","protected":false},"featured_media":15903,"comment_status":"open","ping_status":"closed","template":"","meta":[],"product_cat":[713,155],"product_tag":[668,667],"class_list":{"0":"post-15902","1":"product","2":"type-product","3":"status-publish","4":"has-post-thumbnail","6":"product_brand-greiff","7":"product_cat-lauaseeliku-riidepuud","8":"product_cat-sisustustooted","9":"product_tag-puu","10":"product_tag-riidepuu","12":"first","13":"instock","14":"shipping-taxable","15":"purchasable","16":"product-type-simple"},"_links":{"self":[{"href":"https:\/\/uus.kokariided.ee\/en\/wp-json\/wp\/v2\/product\/15902","targetHints":{"allow":["GET"]}}],"collection":[{"href":"https:\/\/uus.kokariided.ee\/en\/wp-json\/wp\/v2\/product"}],"about":[{"href":"https:\/\/uus.kokariided.ee\/en\/wp-json\/wp\/v2\/types\/product"}],"replies":[{"embeddable":true,"href":"https:\/\/uus.kokariided.ee\/en\/wp-json\/wp\/v2\/comments?post=15902"}],"wp:featuredmedia":[{"embeddable":true,"href":"https:\/\/uus.kokariided.ee\/en\/wp-json\/wp\/v2\/media\/15903"}],"wp:attachment":[{"href":"https:\/\/uus.kokariided.ee\/en\/wp-json\/wp\/v2\/media?parent=15902"}],"wp:term":[{"taxonomy":"product_cat","embeddable":true,"href":"https:\/\/uus.kokariided.ee\/en\/wp-json\/wp\/v2\/product_cat?post=15902"},{"taxonomy":"product_tag","embeddable":true,"href":"https:\/\/uus.kokariided.ee\/en\/wp-json\/wp\/v2\/product_tag?post=15902"}],"curies":[{"name":"wp","href":"https:\/\/api.w.org\/{rel}","templated":true}]}}