{"id":16029,"date":"2024-01-25T16:42:06","date_gmt":"2024-01-25T16:42:06","guid":{"rendered":"https:\/\/uus.kokariided.ee\/?product=naiste-pluus-helekollane"},"modified":"2025-08-18T14:15:37","modified_gmt":"2025-08-18T14:15:37","slug":"naiste-pluus-helekollane","status":"publish","type":"product","link":"https:\/\/uus.kokariided.ee\/en\/product\/naiste-pluus-helekollane\/","title":{"rendered":"Naiste pluus, helekollane"},"content":{"rendered":"","protected":false},"excerpt":{"rendered":"<p>Naiste BasicFit pikkade varrukatega pluus, millel on Kenti krae ja vasakul rinnal tasku. Manseti kinnitus on\u00a0\u00fche n\u00f6\u00f6biga. Kerge hooldada, pesu kuni 60 kraadi.<br \/>\nMaterjal: 80% puuvill, 20% pol\u00fcester<\/p>","protected":false},"featured_media":16030,"comment_status":"open","ping_status":"closed","template":"","meta":[],"product_cat":[756,753,145],"product_tag":[],"class_list":{"0":"post-16029","1":"product","2":"type-product","3":"status-publish","4":"has-post-thumbnail","6":"product_brand-greiff","7":"product_cat-naiste-pluusidsaergid","8":"product_cat-saergid-ja-pluusid","9":"product_cat-teenindusriided","11":"first","12":"instock","13":"sale","14":"shipping-taxable","15":"purchasable","16":"product-type-variable"},"_links":{"self":[{"href":"https:\/\/uus.kokariided.ee\/en\/wp-json\/wp\/v2\/product\/16029","targetHints":{"allow":["GET"]}}],"collection":[{"href":"https:\/\/uus.kokariided.ee\/en\/wp-json\/wp\/v2\/product"}],"about":[{"href":"https:\/\/uus.kokariided.ee\/en\/wp-json\/wp\/v2\/types\/product"}],"replies":[{"embeddable":true,"href":"https:\/\/uus.kokariided.ee\/en\/wp-json\/wp\/v2\/comments?post=16029"}],"wp:featuredmedia":[{"embeddable":true,"href":"https:\/\/uus.kokariided.ee\/en\/wp-json\/wp\/v2\/media\/16030"}],"wp:attachment":[{"href":"https:\/\/uus.kokariided.ee\/en\/wp-json\/wp\/v2\/media?parent=16029"}],"wp:term":[{"taxonomy":"product_cat","embeddable":true,"href":"https:\/\/uus.kokariided.ee\/en\/wp-json\/wp\/v2\/product_cat?post=16029"},{"taxonomy":"product_tag","embeddable":true,"href":"https:\/\/uus.kokariided.ee\/en\/wp-json\/wp\/v2\/product_tag?post=16029"}],"curies":[{"name":"wp","href":"https:\/\/api.w.org\/{rel}","templated":true}]}}