{"id":16167,"date":"2024-01-31T13:02:09","date_gmt":"2024-01-31T13:02:09","guid":{"rendered":"https:\/\/uus.kokariided.ee\/?product=kokajakk-salerno-white"},"modified":"2024-04-02T15:56:31","modified_gmt":"2024-04-02T15:56:31","slug":"kokajakk-salerno-white","status":"publish","type":"product","link":"https:\/\/uus.kokariided.ee\/en\/product\/kokajakk-salerno-white\/","title":{"rendered":"Kokajakk SALERNO WHITE"},"content":{"rendered":"","protected":false},"excerpt":{"rendered":"<p>Kitsal\u00f5ikeline jakk, mis on ideaalne segu elegantsist ja mugavusest. Kerge kangas, mis paneb sind mugavalt tundma ka k\u00f5ige kiiremal t\u00f6\u00f6ajal. Trukid varjatud kinnitusegs, vasakul rinnal ning varrukal tasku. Soovitus &#8211; j\u00e4tta \u00fclemine trukk avatuks.<br \/>\n50% pol\u00fcester, 50% puuvill, 160g\/m2- Tsentreeritud varjatud kinnitus- Rinna- ja pliiatsitasku- YKK Flex Fix\u00a0trukid<\/p>","protected":false},"featured_media":16168,"comment_status":"open","ping_status":"closed","template":"","meta":[],"product_cat":[110,104,789,790],"product_tag":[460,213],"class_list":{"0":"post-16167","1":"product","2":"type-product","3":"status-publish","4":"has-post-thumbnail","6":"product_brand-chaud-devant","7":"product_cat-kokajakid","8":"product_cat-kokariided","9":"product_cat-meeste-unisex-kokajakid","10":"product_cat-naiste-kokajakid","11":"product_tag-kokajakk","12":"product_tag-puuvill","14":"first","15":"instock","16":"shipping-taxable","17":"purchasable","18":"product-type-variable"},"_links":{"self":[{"href":"https:\/\/uus.kokariided.ee\/en\/wp-json\/wp\/v2\/product\/16167","targetHints":{"allow":["GET"]}}],"collection":[{"href":"https:\/\/uus.kokariided.ee\/en\/wp-json\/wp\/v2\/product"}],"about":[{"href":"https:\/\/uus.kokariided.ee\/en\/wp-json\/wp\/v2\/types\/product"}],"replies":[{"embeddable":true,"href":"https:\/\/uus.kokariided.ee\/en\/wp-json\/wp\/v2\/comments?post=16167"}],"wp:featuredmedia":[{"embeddable":true,"href":"https:\/\/uus.kokariided.ee\/en\/wp-json\/wp\/v2\/media\/16168"}],"wp:attachment":[{"href":"https:\/\/uus.kokariided.ee\/en\/wp-json\/wp\/v2\/media?parent=16167"}],"wp:term":[{"taxonomy":"product_cat","embeddable":true,"href":"https:\/\/uus.kokariided.ee\/en\/wp-json\/wp\/v2\/product_cat?post=16167"},{"taxonomy":"product_tag","embeddable":true,"href":"https:\/\/uus.kokariided.ee\/en\/wp-json\/wp\/v2\/product_tag?post=16167"}],"curies":[{"name":"wp","href":"https:\/\/api.w.org\/{rel}","templated":true}]}}