{"id":16296,"date":"2024-02-08T17:16:55","date_gmt":"2024-02-08T17:16:55","guid":{"rendered":"https:\/\/uus.kokariided.ee\/?product=klapiga-poll-77x100cm-valge"},"modified":"2024-07-17T14:15:28","modified_gmt":"2024-07-17T14:15:28","slug":"klapiga-poll-77x100cm-valge","status":"publish","type":"product","link":"https:\/\/uus.kokariided.ee\/en\/product\/klapiga-poll-77x100cm-valge\/","title":{"rendered":"Klapiga p\u00f5ll 77x100cm, valge"},"content":{"rendered":"","protected":false},"excerpt":{"rendered":"<p>Pikem klapiga p\u00f5ll nii teenindusse kui ka k\u00f6\u00f6ki, reguleeritav kaelapael trukkidega.<br \/>\nP\u00f5ll on hea kvaliteediga ja on vastupidav.<br \/>\nMaterjal: 65% pol\u00fcester ja 35% puuvill<br \/>\nM\u00f5\u00f5dud: 77x100cm<\/p>","protected":false},"featured_media":16297,"comment_status":"open","ping_status":"closed","template":"","meta":[],"product_cat":[771,104,112],"product_tag":[229,228],"class_list":{"0":"post-16296","1":"product","2":"type-product","3":"status-publish","4":"has-post-thumbnail","6":"product_brand-greiff","7":"product_cat-klapiga-poll-77x100cm1756114965","8":"product_cat-kokariided","9":"product_cat-polled","10":"product_tag-soodne","11":"product_tag-soodus","13":"first","14":"instock","15":"shipping-taxable","16":"purchasable","17":"product-type-variable"},"_links":{"self":[{"href":"https:\/\/uus.kokariided.ee\/en\/wp-json\/wp\/v2\/product\/16296","targetHints":{"allow":["GET"]}}],"collection":[{"href":"https:\/\/uus.kokariided.ee\/en\/wp-json\/wp\/v2\/product"}],"about":[{"href":"https:\/\/uus.kokariided.ee\/en\/wp-json\/wp\/v2\/types\/product"}],"replies":[{"embeddable":true,"href":"https:\/\/uus.kokariided.ee\/en\/wp-json\/wp\/v2\/comments?post=16296"}],"wp:featuredmedia":[{"embeddable":true,"href":"https:\/\/uus.kokariided.ee\/en\/wp-json\/wp\/v2\/media\/16297"}],"wp:attachment":[{"href":"https:\/\/uus.kokariided.ee\/en\/wp-json\/wp\/v2\/media?parent=16296"}],"wp:term":[{"taxonomy":"product_cat","embeddable":true,"href":"https:\/\/uus.kokariided.ee\/en\/wp-json\/wp\/v2\/product_cat?post=16296"},{"taxonomy":"product_tag","embeddable":true,"href":"https:\/\/uus.kokariided.ee\/en\/wp-json\/wp\/v2\/product_tag?post=16296"}],"curies":[{"name":"wp","href":"https:\/\/api.w.org\/{rel}","templated":true}]}}