{"id":16389,"date":"2024-02-15T16:12:35","date_gmt":"2024-02-15T16:12:35","guid":{"rendered":"https:\/\/uus.kokariided.ee\/?product=kokajakk-euro-italy-100-pv-valge"},"modified":"2024-04-02T15:56:31","modified_gmt":"2024-04-02T15:56:31","slug":"kokajakk-euro-italy-100-pv-valge","status":"publish","type":"product","link":"https:\/\/uus.kokariided.ee\/en\/product\/kokajakk-euro-italy-100-pv-valge\/","title":{"rendered":"Kokajakk Euro Italy, 100% pv, valge"},"content":{"rendered":"","protected":false},"excerpt":{"rendered":"<p>Unisex kokajakk, millel on kuldsed n\u00f6\u00f6bid ja pikad varrukad. Sinine krae\u00e4\u00e4r Itaalia lipu v\u00e4rvides. Pesu kuni 60 kraadi.<br \/>\nMaterjal: 100% puuvill, 190 g\/m2Suurused: S-4XL<\/p>","protected":false},"featured_media":16390,"comment_status":"open","ping_status":"closed","template":"","meta":[],"product_cat":[110,104,789],"product_tag":[213],"class_list":{"0":"post-16389","1":"product","2":"type-product","3":"status-publish","4":"has-post-thumbnail","6":"product_brand-egochef","7":"product_cat-kokajakid","8":"product_cat-kokariided","9":"product_cat-meeste-unisex-kokajakid","10":"product_tag-puuvill","12":"first","13":"instock","14":"shipping-taxable","15":"purchasable","16":"product-type-variable"},"_links":{"self":[{"href":"https:\/\/uus.kokariided.ee\/en\/wp-json\/wp\/v2\/product\/16389","targetHints":{"allow":["GET"]}}],"collection":[{"href":"https:\/\/uus.kokariided.ee\/en\/wp-json\/wp\/v2\/product"}],"about":[{"href":"https:\/\/uus.kokariided.ee\/en\/wp-json\/wp\/v2\/types\/product"}],"replies":[{"embeddable":true,"href":"https:\/\/uus.kokariided.ee\/en\/wp-json\/wp\/v2\/comments?post=16389"}],"wp:featuredmedia":[{"embeddable":true,"href":"https:\/\/uus.kokariided.ee\/en\/wp-json\/wp\/v2\/media\/16390"}],"wp:attachment":[{"href":"https:\/\/uus.kokariided.ee\/en\/wp-json\/wp\/v2\/media?parent=16389"}],"wp:term":[{"taxonomy":"product_cat","embeddable":true,"href":"https:\/\/uus.kokariided.ee\/en\/wp-json\/wp\/v2\/product_cat?post=16389"},{"taxonomy":"product_tag","embeddable":true,"href":"https:\/\/uus.kokariided.ee\/en\/wp-json\/wp\/v2\/product_tag?post=16389"}],"curies":[{"name":"wp","href":"https:\/\/api.w.org\/{rel}","templated":true}]}}