{"id":16392,"date":"2024-02-15T16:19:24","date_gmt":"2024-02-15T16:19:24","guid":{"rendered":"https:\/\/uus.kokariided.ee\/?product=meeste-toeoeriietus-valge"},"modified":"2024-05-15T13:05:20","modified_gmt":"2024-05-15T13:05:20","slug":"meeste-toeoeriietus-valge","status":"publish","type":"product","link":"https:\/\/uus.kokariided.ee\/en\/product\/meeste-toeoeriietus-valge\/","title":{"rendered":"Meeste t\u00f6\u00f6riietus, valge"},"content":{"rendered":"<pre class=\"tw-data-text tw-ta tw-text-small\" id=\"tw-target-text\" dir=\"ltr\"><br \/><br \/><\/pre>","protected":false},"excerpt":{"rendered":"<p>Meeste t\u00f6\u00f6riietus, millel k\u00fclgedel ning vasakul rinnal on taskud.\u00a0Trukkidega kinnitus, varrukaotstes soonikkude. Eriti h\u00e4sti sobib tervishoiut\u00f6\u00f6tajatele &#8211; arstile, \u00f5ele, apteekrile.<br \/>\nMaterjal: 100% puuvill,\u00a0190 g\/m\u00b2<\/p>","protected":false},"featured_media":16393,"comment_status":"open","ping_status":"closed","template":"","meta":[],"product_cat":[754,106,145],"product_tag":[289,671],"class_list":{"0":"post-16392","1":"product","2":"type-product","3":"status-publish","4":"has-post-thumbnail","6":"product_brand-isacco","7":"product_cat-meeste-saergid","8":"product_cat-soodusmueuek","9":"product_cat-teenindusriided","10":"product_tag-kittel","11":"product_tag-tervishoid","13":"first","14":"instock","15":"shipping-taxable","16":"purchasable","17":"product-type-variable"},"_links":{"self":[{"href":"https:\/\/uus.kokariided.ee\/en\/wp-json\/wp\/v2\/product\/16392","targetHints":{"allow":["GET"]}}],"collection":[{"href":"https:\/\/uus.kokariided.ee\/en\/wp-json\/wp\/v2\/product"}],"about":[{"href":"https:\/\/uus.kokariided.ee\/en\/wp-json\/wp\/v2\/types\/product"}],"replies":[{"embeddable":true,"href":"https:\/\/uus.kokariided.ee\/en\/wp-json\/wp\/v2\/comments?post=16392"}],"wp:featuredmedia":[{"embeddable":true,"href":"https:\/\/uus.kokariided.ee\/en\/wp-json\/wp\/v2\/media\/16393"}],"wp:attachment":[{"href":"https:\/\/uus.kokariided.ee\/en\/wp-json\/wp\/v2\/media?parent=16392"}],"wp:term":[{"taxonomy":"product_cat","embeddable":true,"href":"https:\/\/uus.kokariided.ee\/en\/wp-json\/wp\/v2\/product_cat?post=16392"},{"taxonomy":"product_tag","embeddable":true,"href":"https:\/\/uus.kokariided.ee\/en\/wp-json\/wp\/v2\/product_tag?post=16392"}],"curies":[{"name":"wp","href":"https:\/\/api.w.org\/{rel}","templated":true}]}}