{"id":16396,"date":"2024-02-15T16:56:07","date_gmt":"2024-02-15T16:56:07","guid":{"rendered":"https:\/\/uus.kokariided.ee\/?product=meeste-triiksaerk-luehike-varrukas-valge"},"modified":"2024-04-02T14:09:05","modified_gmt":"2024-04-02T14:09:05","slug":"meeste-triiksaerk-luehike-varrukas-valge","status":"publish","type":"product","link":"https:\/\/uus.kokariided.ee\/en\/product\/meeste-triiksaerk-luehike-varrukas-valge\/","title":{"rendered":"Meeste triiks\u00e4rk, l\u00fchike varrukas, valge"},"content":{"rendered":"","protected":false},"excerpt":{"rendered":"<p>Meeste valge l\u00fchikeste varrukatega triiks\u00e4rk, mille vasakul rinnal on tasku.<br \/>\nMaterjal: 80% puuvill, 20% pol\u00fcester, 140g\/m2<\/p>","protected":false},"featured_media":16397,"comment_status":"open","ping_status":"closed","template":"","meta":[],"product_cat":[754,753,766,145],"product_tag":[],"class_list":{"0":"post-16396","1":"product","2":"type-product","3":"status-publish","4":"has-post-thumbnail","6":"product_brand-greiff","7":"product_cat-meeste-saergid","8":"product_cat-saergid-ja-pluusid","9":"product_cat-teenindusriided1756114957","10":"product_cat-teenindusriided","12":"first","13":"instock","14":"shipping-taxable","15":"purchasable","16":"product-type-variable"},"_links":{"self":[{"href":"https:\/\/uus.kokariided.ee\/en\/wp-json\/wp\/v2\/product\/16396","targetHints":{"allow":["GET"]}}],"collection":[{"href":"https:\/\/uus.kokariided.ee\/en\/wp-json\/wp\/v2\/product"}],"about":[{"href":"https:\/\/uus.kokariided.ee\/en\/wp-json\/wp\/v2\/types\/product"}],"replies":[{"embeddable":true,"href":"https:\/\/uus.kokariided.ee\/en\/wp-json\/wp\/v2\/comments?post=16396"}],"wp:featuredmedia":[{"embeddable":true,"href":"https:\/\/uus.kokariided.ee\/en\/wp-json\/wp\/v2\/media\/16397"}],"wp:attachment":[{"href":"https:\/\/uus.kokariided.ee\/en\/wp-json\/wp\/v2\/media?parent=16396"}],"wp:term":[{"taxonomy":"product_cat","embeddable":true,"href":"https:\/\/uus.kokariided.ee\/en\/wp-json\/wp\/v2\/product_cat?post=16396"},{"taxonomy":"product_tag","embeddable":true,"href":"https:\/\/uus.kokariided.ee\/en\/wp-json\/wp\/v2\/product_tag?post=16396"}],"curies":[{"name":"wp","href":"https:\/\/api.w.org\/{rel}","templated":true}]}}