{"id":16402,"date":"2024-02-16T11:23:15","date_gmt":"2024-02-16T11:23:15","guid":{"rendered":"https:\/\/uus.kokariided.ee\/?product=klapiga-poll-77x100cm-must-1755948101"},"modified":"2024-07-17T14:16:56","modified_gmt":"2024-07-17T14:16:56","slug":"klapiga-poll-77x100cm-must-1755948101","status":"publish","type":"product","link":"https:\/\/uus.kokariided.ee\/en\/product\/klapiga-poll-77x100cm-must-1755948101\/","title":{"rendered":"Klapiga p\u00f5ll 77x100cm, must"},"content":{"rendered":"","protected":false},"excerpt":{"rendered":"<p>Klapiga p\u00f5ll, mis on kaelapaelast trukkidega reguleeritav. Taskuta. Materjal on v\u00e4ga kvaliteetne ja vastupidav.<br \/>\n65% pol\u00fcester, 35% puuvill<\/p>","protected":false},"featured_media":16403,"comment_status":"open","ping_status":"closed","template":"","meta":[],"product_cat":[771,104,146,112,145],"product_tag":[],"class_list":{"0":"post-16402","1":"product","2":"type-product","3":"status-publish","4":"has-post-thumbnail","6":"product_brand-greiff","7":"product_cat-klapiga-poll-77x100cm1756114965","8":"product_cat-kokariided","9":"product_cat-polled1755886053","10":"product_cat-polled","11":"product_cat-teenindusriided","13":"first","14":"instock","15":"shipping-taxable","16":"purchasable","17":"product-type-variable"},"_links":{"self":[{"href":"https:\/\/uus.kokariided.ee\/en\/wp-json\/wp\/v2\/product\/16402","targetHints":{"allow":["GET"]}}],"collection":[{"href":"https:\/\/uus.kokariided.ee\/en\/wp-json\/wp\/v2\/product"}],"about":[{"href":"https:\/\/uus.kokariided.ee\/en\/wp-json\/wp\/v2\/types\/product"}],"replies":[{"embeddable":true,"href":"https:\/\/uus.kokariided.ee\/en\/wp-json\/wp\/v2\/comments?post=16402"}],"wp:featuredmedia":[{"embeddable":true,"href":"https:\/\/uus.kokariided.ee\/en\/wp-json\/wp\/v2\/media\/16403"}],"wp:attachment":[{"href":"https:\/\/uus.kokariided.ee\/en\/wp-json\/wp\/v2\/media?parent=16402"}],"wp:term":[{"taxonomy":"product_cat","embeddable":true,"href":"https:\/\/uus.kokariided.ee\/en\/wp-json\/wp\/v2\/product_cat?post=16402"},{"taxonomy":"product_tag","embeddable":true,"href":"https:\/\/uus.kokariided.ee\/en\/wp-json\/wp\/v2\/product_tag?post=16402"}],"curies":[{"name":"wp","href":"https:\/\/api.w.org\/{rel}","templated":true}]}}