{"id":16406,"date":"2024-02-16T12:31:34","date_gmt":"2024-02-16T12:31:34","guid":{"rendered":"https:\/\/uus.kokariided.ee\/?product=lips-kandmiseks-valmis-must"},"modified":"2024-04-02T12:57:43","modified_gmt":"2024-04-02T12:57:43","slug":"lips-kandmiseks-valmis-must","status":"publish","type":"product","link":"https:\/\/uus.kokariided.ee\/en\/product\/lips-kandmiseks-valmis-must\/","title":{"rendered":"Lips &#8220;kandmiseks valmis&#8221;, must"},"content":{"rendered":"","protected":false},"excerpt":{"rendered":"<p>Lips, mis on juba kandmiseks valmis &#8211; lipsu s\u00f5lme siseosa on tugevdusega ehk et lipsu s\u00f5lme s\u00f5lmima ei pea. Nurga laius u 6,5cm.<br \/>\nMaterjal: 65% pol\u00fcester, 35% puuvill,\u00a0215 g\/m\u00b2<\/p>","protected":false},"featured_media":16407,"comment_status":"open","ping_status":"closed","template":"","meta":[],"product_cat":[752,145],"product_tag":[328],"class_list":{"0":"post-16406","1":"product","2":"type-product","3":"status-publish","4":"has-post-thumbnail","6":"product_brand-greiff","7":"product_cat-lipsud-sallid","8":"product_cat-teenindusriided","9":"product_tag-lips","11":"first","12":"instock","13":"sale","14":"shipping-taxable","15":"purchasable","16":"product-type-variable"},"_links":{"self":[{"href":"https:\/\/uus.kokariided.ee\/en\/wp-json\/wp\/v2\/product\/16406","targetHints":{"allow":["GET"]}}],"collection":[{"href":"https:\/\/uus.kokariided.ee\/en\/wp-json\/wp\/v2\/product"}],"about":[{"href":"https:\/\/uus.kokariided.ee\/en\/wp-json\/wp\/v2\/types\/product"}],"replies":[{"embeddable":true,"href":"https:\/\/uus.kokariided.ee\/en\/wp-json\/wp\/v2\/comments?post=16406"}],"wp:featuredmedia":[{"embeddable":true,"href":"https:\/\/uus.kokariided.ee\/en\/wp-json\/wp\/v2\/media\/16407"}],"wp:attachment":[{"href":"https:\/\/uus.kokariided.ee\/en\/wp-json\/wp\/v2\/media?parent=16406"}],"wp:term":[{"taxonomy":"product_cat","embeddable":true,"href":"https:\/\/uus.kokariided.ee\/en\/wp-json\/wp\/v2\/product_cat?post=16406"},{"taxonomy":"product_tag","embeddable":true,"href":"https:\/\/uus.kokariided.ee\/en\/wp-json\/wp\/v2\/product_tag?post=16406"}],"curies":[{"name":"wp","href":"https:\/\/api.w.org\/{rel}","templated":true}]}}