{"id":16410,"date":"2024-02-20T11:14:40","date_gmt":"2024-02-20T11:14:40","guid":{"rendered":"https:\/\/uus.kokariided.ee\/?product=kokajakk-rf-100-pv-luehike-varrukas-valge"},"modified":"2025-04-03T11:39:35","modified_gmt":"2025-04-03T11:39:35","slug":"kokajakk-rf-100-pv-luehike-varrukas-valge","status":"publish","type":"product","link":"https:\/\/uus.kokariided.ee\/en\/product\/kokajakk-rf-100-pv-luehike-varrukas-valge\/","title":{"rendered":"Kokajakk RF 100% pv, l\u00fchike varrukas, valge"},"content":{"rendered":"","protected":false},"excerpt":{"rendered":"<p>L\u00fchikeste varrukatega Regular Fit kokajakk, millel on topelt n\u00f6\u00f6paugurida, rinnatasku ning kaenlaalused ventilatsiooniavad. Seljal printsessi\u00f5mblused. N\u00f6\u00f6pidega.<br \/>\nSuurused XS-3XL, 100% puuvill.<\/p>","protected":false},"featured_media":16411,"comment_status":"open","ping_status":"closed","template":"","meta":[],"product_cat":[110,104,789,790],"product_tag":[],"class_list":{"0":"post-16410","1":"product","2":"type-product","3":"status-publish","4":"has-post-thumbnail","6":"product_brand-greiff","7":"product_cat-kokajakid","8":"product_cat-kokariided","9":"product_cat-meeste-unisex-kokajakid","10":"product_cat-naiste-kokajakid","12":"first","13":"instock","14":"shipping-taxable","15":"purchasable","16":"product-type-variable"},"_links":{"self":[{"href":"https:\/\/uus.kokariided.ee\/en\/wp-json\/wp\/v2\/product\/16410","targetHints":{"allow":["GET"]}}],"collection":[{"href":"https:\/\/uus.kokariided.ee\/en\/wp-json\/wp\/v2\/product"}],"about":[{"href":"https:\/\/uus.kokariided.ee\/en\/wp-json\/wp\/v2\/types\/product"}],"replies":[{"embeddable":true,"href":"https:\/\/uus.kokariided.ee\/en\/wp-json\/wp\/v2\/comments?post=16410"}],"wp:featuredmedia":[{"embeddable":true,"href":"https:\/\/uus.kokariided.ee\/en\/wp-json\/wp\/v2\/media\/16411"}],"wp:attachment":[{"href":"https:\/\/uus.kokariided.ee\/en\/wp-json\/wp\/v2\/media?parent=16410"}],"wp:term":[{"taxonomy":"product_cat","embeddable":true,"href":"https:\/\/uus.kokariided.ee\/en\/wp-json\/wp\/v2\/product_cat?post=16410"},{"taxonomy":"product_tag","embeddable":true,"href":"https:\/\/uus.kokariided.ee\/en\/wp-json\/wp\/v2\/product_tag?post=16410"}],"curies":[{"name":"wp","href":"https:\/\/api.w.org\/{rel}","templated":true}]}}