{"id":16621,"date":"2024-03-01T17:17:03","date_gmt":"2024-03-01T17:17:03","guid":{"rendered":"https:\/\/uus.kokariided.ee\/?product=kokamuets-hobehall"},"modified":"2024-11-26T14:35:19","modified_gmt":"2024-11-26T14:35:19","slug":"kokamuets-hobehall","status":"publish","type":"product","link":"https:\/\/uus.kokariided.ee\/en\/product\/kokamuets-hobehall\/","title":{"rendered":"Kokam\u00fcts, h\u00f5behall"},"content":{"rendered":"","protected":false},"excerpt":{"rendered":"<p>Stiilne ja moodne kokam\u00fcts, mis on 9cm k\u00f5rge. M\u00fcts on takjapaelaga reguleeritav &#8211; min 61cm, max 71cm.<br \/>\nMaterjal: 65% puuvill, 35% pol\u00fcester<\/p>","protected":false},"featured_media":16622,"comment_status":"open","ping_status":"closed","template":"","meta":[],"product_cat":[781,111,104],"product_tag":[],"class_list":{"0":"post-16621","1":"product","2":"type-product","3":"status-publish","4":"has-post-thumbnail","6":"product_brand-exner","7":"product_cat-kokamuetsid","8":"product_cat-kokamuetsid-ja-peakatted","9":"product_cat-kokariided","11":"first","12":"instock","13":"sale","14":"shipping-taxable","15":"purchasable","16":"product-type-variable"},"_links":{"self":[{"href":"https:\/\/uus.kokariided.ee\/en\/wp-json\/wp\/v2\/product\/16621","targetHints":{"allow":["GET"]}}],"collection":[{"href":"https:\/\/uus.kokariided.ee\/en\/wp-json\/wp\/v2\/product"}],"about":[{"href":"https:\/\/uus.kokariided.ee\/en\/wp-json\/wp\/v2\/types\/product"}],"replies":[{"embeddable":true,"href":"https:\/\/uus.kokariided.ee\/en\/wp-json\/wp\/v2\/comments?post=16621"}],"wp:featuredmedia":[{"embeddable":true,"href":"https:\/\/uus.kokariided.ee\/en\/wp-json\/wp\/v2\/media\/16622"}],"wp:attachment":[{"href":"https:\/\/uus.kokariided.ee\/en\/wp-json\/wp\/v2\/media?parent=16621"}],"wp:term":[{"taxonomy":"product_cat","embeddable":true,"href":"https:\/\/uus.kokariided.ee\/en\/wp-json\/wp\/v2\/product_cat?post=16621"},{"taxonomy":"product_tag","embeddable":true,"href":"https:\/\/uus.kokariided.ee\/en\/wp-json\/wp\/v2\/product_tag?post=16621"}],"curies":[{"name":"wp","href":"https:\/\/api.w.org\/{rel}","templated":true}]}}