{"id":16653,"date":"2024-03-05T14:22:04","date_gmt":"2024-03-05T14:22:04","guid":{"rendered":"https:\/\/uus.kokariided.ee\/?product=kokajakk-max-safe-egiptuse-puuvill-602-602-valge"},"modified":"2024-05-29T12:34:52","modified_gmt":"2024-05-29T12:34:52","slug":"kokajakk-max-safe-egiptuse-puuvill-602-602-valge","status":"publish","type":"product","link":"https:\/\/uus.kokariided.ee\/en\/product\/kokajakk-max-safe-egiptuse-puuvill-602-602-valge\/","title":{"rendered":"Kokajakk Max Safe, Egiptuse puuvill 60\/2 60\/2, valge"},"content":{"rendered":"","protected":false},"excerpt":{"rendered":"<p>Unisex kokajakk, mis on 100% Egiptuse puuvillast valmistatud, mis teeb materjalist v\u00e4\u00e4rtuslikuma, vastupidavama ning pehmema. Jakil on must krae\u00e4\u00e4r, vasakul rinnal tasku, millel samuti must \u00e4\u00e4r. Vasakul varrukal tasku. Trukid on varjatud, nii et neil puudub kontakt nahaga. Seljal hingavad v\u00f5rkribad. Pesu kuni 60 kraadi.<br \/>\nMaterjal: Egiptuse puuvill 60\/2 60\/2, 190 g\/m2Suurused: S-4XL<\/p>","protected":false},"featured_media":16654,"comment_status":"open","ping_status":"closed","template":"","meta":[],"product_cat":[110,104,789],"product_tag":[670,213],"class_list":{"0":"post-16653","1":"product","2":"type-product","3":"status-publish","4":"has-post-thumbnail","6":"product_brand-egochef","7":"product_cat-kokajakid","8":"product_cat-kokariided","9":"product_cat-meeste-unisex-kokajakid","10":"product_tag-egiptuse-puuvill","11":"product_tag-puuvill","13":"first","14":"instock","15":"shipping-taxable","16":"purchasable","17":"product-type-variable"},"_links":{"self":[{"href":"https:\/\/uus.kokariided.ee\/en\/wp-json\/wp\/v2\/product\/16653","targetHints":{"allow":["GET"]}}],"collection":[{"href":"https:\/\/uus.kokariided.ee\/en\/wp-json\/wp\/v2\/product"}],"about":[{"href":"https:\/\/uus.kokariided.ee\/en\/wp-json\/wp\/v2\/types\/product"}],"replies":[{"embeddable":true,"href":"https:\/\/uus.kokariided.ee\/en\/wp-json\/wp\/v2\/comments?post=16653"}],"wp:featuredmedia":[{"embeddable":true,"href":"https:\/\/uus.kokariided.ee\/en\/wp-json\/wp\/v2\/media\/16654"}],"wp:attachment":[{"href":"https:\/\/uus.kokariided.ee\/en\/wp-json\/wp\/v2\/media?parent=16653"}],"wp:term":[{"taxonomy":"product_cat","embeddable":true,"href":"https:\/\/uus.kokariided.ee\/en\/wp-json\/wp\/v2\/product_cat?post=16653"},{"taxonomy":"product_tag","embeddable":true,"href":"https:\/\/uus.kokariided.ee\/en\/wp-json\/wp\/v2\/product_tag?post=16653"}],"curies":[{"name":"wp","href":"https:\/\/api.w.org\/{rel}","templated":true}]}}