{"id":16765,"date":"2024-03-26T16:26:57","date_gmt":"2024-03-26T16:26:57","guid":{"rendered":"https:\/\/uus.kokariided.ee\/?product=naiste-pueksid-trendy-valged"},"modified":"2024-05-17T14:06:38","modified_gmt":"2024-05-17T14:06:38","slug":"naiste-pueksid-trendy-valged","status":"publish","type":"product","link":"https:\/\/uus.kokariided.ee\/en\/product\/naiste-pueksid-trendy-valged\/","title":{"rendered":"Naiste p\u00fcksid Trendy, valged"},"content":{"rendered":"","protected":false},"excerpt":{"rendered":"<p>Naiste sirge l\u00f5ikega trendikad puuvillased p\u00fcksid, millel on luku ning n\u00f6\u00f6biga kinnitus. Taskuteta. Pesu kuni 95 kraadi.<br \/>\nMaterjal: 100% puuvill<\/p>","protected":false},"featured_media":16766,"comment_status":"open","ping_status":"closed","template":"","meta":[],"product_cat":[104,113,794,106,145],"product_tag":[],"class_list":{"0":"post-16765","1":"product","2":"type-product","3":"status-publish","4":"has-post-thumbnail","6":"product_brand-isacco","7":"product_cat-kokariided","8":"product_cat-pueksid","9":"product_cat-pueksid1756115223","10":"product_cat-soodusmueuek","11":"product_cat-teenindusriided","13":"first","14":"instock","15":"sale","16":"shipping-taxable","17":"purchasable","18":"product-type-variable"},"_links":{"self":[{"href":"https:\/\/uus.kokariided.ee\/en\/wp-json\/wp\/v2\/product\/16765","targetHints":{"allow":["GET"]}}],"collection":[{"href":"https:\/\/uus.kokariided.ee\/en\/wp-json\/wp\/v2\/product"}],"about":[{"href":"https:\/\/uus.kokariided.ee\/en\/wp-json\/wp\/v2\/types\/product"}],"replies":[{"embeddable":true,"href":"https:\/\/uus.kokariided.ee\/en\/wp-json\/wp\/v2\/comments?post=16765"}],"wp:featuredmedia":[{"embeddable":true,"href":"https:\/\/uus.kokariided.ee\/en\/wp-json\/wp\/v2\/media\/16766"}],"wp:attachment":[{"href":"https:\/\/uus.kokariided.ee\/en\/wp-json\/wp\/v2\/media?parent=16765"}],"wp:term":[{"taxonomy":"product_cat","embeddable":true,"href":"https:\/\/uus.kokariided.ee\/en\/wp-json\/wp\/v2\/product_cat?post=16765"},{"taxonomy":"product_tag","embeddable":true,"href":"https:\/\/uus.kokariided.ee\/en\/wp-json\/wp\/v2\/product_tag?post=16765"}],"curies":[{"name":"wp","href":"https:\/\/api.w.org\/{rel}","templated":true}]}}