{"id":16775,"date":"2024-03-28T12:26:37","date_gmt":"2024-03-28T12:26:37","guid":{"rendered":"https:\/\/uus.kokariided.ee\/?product=kokamuets-must-1755948366"},"modified":"2025-06-19T11:11:14","modified_gmt":"2025-06-19T11:11:14","slug":"kokamuets-must-1755948366","status":"publish","type":"product","link":"https:\/\/uus.kokariided.ee\/en\/product\/kokamuets-must-1755948366\/","title":{"rendered":"Kokam\u00fcts must"},"content":{"rendered":"","protected":false},"excerpt":{"rendered":"<p>Must kokam\u00fcts, millel on taga kummipael mugavaks kandmiseks. M\u00fcts on vett ning \u00f5li t\u00f5rjuv ning hingav t\u00e4nu DuraClean t\u00f6\u00f6tlusele.<br \/>\n65% pol\u00fcester, 35% puuvill,\u00a0200 g\/m\u00b2<br \/>\nTellimisel vali suurus (S, M v\u00f5i L)<br \/>\nS = 54-56cm, M = 57-59cm, L = 63-65cm<\/p>","protected":false},"featured_media":16776,"comment_status":"open","ping_status":"closed","template":"","meta":[],"product_cat":[111,104],"product_tag":[531],"class_list":{"0":"post-16775","1":"product","2":"type-product","3":"status-publish","4":"has-post-thumbnail","6":"product_cat-kokamuetsid-ja-peakatted","7":"product_cat-kokariided","8":"product_tag-kokamuts","10":"first","11":"instock","12":"shipping-taxable","13":"purchasable","14":"product-type-variable"},"_links":{"self":[{"href":"https:\/\/uus.kokariided.ee\/en\/wp-json\/wp\/v2\/product\/16775","targetHints":{"allow":["GET"]}}],"collection":[{"href":"https:\/\/uus.kokariided.ee\/en\/wp-json\/wp\/v2\/product"}],"about":[{"href":"https:\/\/uus.kokariided.ee\/en\/wp-json\/wp\/v2\/types\/product"}],"replies":[{"embeddable":true,"href":"https:\/\/uus.kokariided.ee\/en\/wp-json\/wp\/v2\/comments?post=16775"}],"wp:featuredmedia":[{"embeddable":true,"href":"https:\/\/uus.kokariided.ee\/en\/wp-json\/wp\/v2\/media\/16776"}],"wp:attachment":[{"href":"https:\/\/uus.kokariided.ee\/en\/wp-json\/wp\/v2\/media?parent=16775"}],"wp:term":[{"taxonomy":"product_cat","embeddable":true,"href":"https:\/\/uus.kokariided.ee\/en\/wp-json\/wp\/v2\/product_cat?post=16775"},{"taxonomy":"product_tag","embeddable":true,"href":"https:\/\/uus.kokariided.ee\/en\/wp-json\/wp\/v2\/product_tag?post=16775"}],"curies":[{"name":"wp","href":"https:\/\/api.w.org\/{rel}","templated":true}]}}