{"id":16804,"date":"2024-04-10T13:04:57","date_gmt":"2024-04-10T13:04:57","guid":{"rendered":"https:\/\/uus.kokariided.ee\/?product=klapiga-poll-100x100cm-tumehall"},"modified":"2024-07-12T14:08:52","modified_gmt":"2024-07-12T14:08:52","slug":"klapiga-poll-100x100cm-tumehall","status":"publish","type":"product","link":"https:\/\/uus.kokariided.ee\/en\/product\/klapiga-poll-100x100cm-tumehall\/","title":{"rendered":"Klapiga p\u00f5ll 100x100cm, tumehall"},"content":{"rendered":"","protected":false},"excerpt":{"rendered":"<p>Unisex klapiga p\u00f5ll m\u00f5\u00f5tudega 100x100cm, kaelapael trukkidega reguleeritav. Sobib nii teenindajatele kui ka kokkadele. P\u00f5lle paremal pool on tasku m\u00f5\u00f5tudega\u00a020x18cm.<br \/>\n65% pol\u00fcester, 35% puuvill, 220 g\/m2<\/p>","protected":false},"featured_media":16805,"comment_status":"open","ping_status":"closed","template":"","meta":[],"product_cat":[105,704,104,146,112,145],"product_tag":[],"class_list":{"0":"post-16804","1":"product","2":"type-product","3":"status-publish","4":"has-post-thumbnail","6":"product_brand-exner","7":"product_cat-5xl-7xl-kokariided","8":"product_cat-klapiga-poll-100x100cm","9":"product_cat-kokariided","10":"product_cat-polled1755886053","11":"product_cat-polled","12":"product_cat-teenindusriided","14":"first","15":"instock","16":"shipping-taxable","17":"purchasable","18":"product-type-variable"},"_links":{"self":[{"href":"https:\/\/uus.kokariided.ee\/en\/wp-json\/wp\/v2\/product\/16804","targetHints":{"allow":["GET"]}}],"collection":[{"href":"https:\/\/uus.kokariided.ee\/en\/wp-json\/wp\/v2\/product"}],"about":[{"href":"https:\/\/uus.kokariided.ee\/en\/wp-json\/wp\/v2\/types\/product"}],"replies":[{"embeddable":true,"href":"https:\/\/uus.kokariided.ee\/en\/wp-json\/wp\/v2\/comments?post=16804"}],"wp:featuredmedia":[{"embeddable":true,"href":"https:\/\/uus.kokariided.ee\/en\/wp-json\/wp\/v2\/media\/16805"}],"wp:attachment":[{"href":"https:\/\/uus.kokariided.ee\/en\/wp-json\/wp\/v2\/media?parent=16804"}],"wp:term":[{"taxonomy":"product_cat","embeddable":true,"href":"https:\/\/uus.kokariided.ee\/en\/wp-json\/wp\/v2\/product_cat?post=16804"},{"taxonomy":"product_tag","embeddable":true,"href":"https:\/\/uus.kokariided.ee\/en\/wp-json\/wp\/v2\/product_tag?post=16804"}],"curies":[{"name":"wp","href":"https:\/\/api.w.org\/{rel}","templated":true}]}}