{"id":16825,"date":"2024-04-11T13:45:35","date_gmt":"2024-04-11T13:45:35","guid":{"rendered":"https:\/\/uus.kokariided.ee\/?product=kokajakk-rf-6535-valge-musta-kandiga"},"modified":"2025-02-26T13:32:35","modified_gmt":"2025-02-26T13:32:35","slug":"kokajakk-rf-6535-valge-musta-kandiga","status":"publish","type":"product","link":"https:\/\/uus.kokariided.ee\/en\/product\/kokajakk-rf-6535-valge-musta-kandiga\/","title":{"rendered":"Kokajakk RF (65\/35), valge, musta kandiga"},"content":{"rendered":"","protected":false},"excerpt":{"rendered":"<p>Sirgel\u00f5ikeline RF kokajakk, kinnitus trukkidega, pikk varrukas, kaenla all on \u00f5hutusavad, tagak\u00fcljel selja\u00f5mblused. Musta kandiga\u00a0detailid.<br \/>\n65% puuvill, 35% pol\u00fcester, RF &#8211; regular fit,\u00a0210 g\/m\u00b2<br \/>\nSuurused XS-3XL<\/p>","protected":false},"featured_media":16826,"comment_status":"open","ping_status":"closed","template":"","meta":[],"product_cat":[110,104,789],"product_tag":[],"class_list":{"0":"post-16825","1":"product","2":"type-product","3":"status-publish","4":"has-post-thumbnail","6":"product_brand-greiff","7":"product_cat-kokajakid","8":"product_cat-kokariided","9":"product_cat-meeste-unisex-kokajakid","11":"first","12":"instock","13":"shipping-taxable","14":"purchasable","15":"product-type-variable"},"_links":{"self":[{"href":"https:\/\/uus.kokariided.ee\/en\/wp-json\/wp\/v2\/product\/16825","targetHints":{"allow":["GET"]}}],"collection":[{"href":"https:\/\/uus.kokariided.ee\/en\/wp-json\/wp\/v2\/product"}],"about":[{"href":"https:\/\/uus.kokariided.ee\/en\/wp-json\/wp\/v2\/types\/product"}],"replies":[{"embeddable":true,"href":"https:\/\/uus.kokariided.ee\/en\/wp-json\/wp\/v2\/comments?post=16825"}],"wp:featuredmedia":[{"embeddable":true,"href":"https:\/\/uus.kokariided.ee\/en\/wp-json\/wp\/v2\/media\/16826"}],"wp:attachment":[{"href":"https:\/\/uus.kokariided.ee\/en\/wp-json\/wp\/v2\/media?parent=16825"}],"wp:term":[{"taxonomy":"product_cat","embeddable":true,"href":"https:\/\/uus.kokariided.ee\/en\/wp-json\/wp\/v2\/product_cat?post=16825"},{"taxonomy":"product_tag","embeddable":true,"href":"https:\/\/uus.kokariided.ee\/en\/wp-json\/wp\/v2\/product_tag?post=16825"}],"curies":[{"name":"wp","href":"https:\/\/api.w.org\/{rel}","templated":true}]}}