{"id":16843,"date":"2024-04-18T16:27:58","date_gmt":"2024-04-18T16:27:58","guid":{"rendered":"https:\/\/uus.kokariided.ee\/?product=klapiga-poll-oxford-72x86cm-tumesinine"},"modified":"2025-07-08T12:56:03","modified_gmt":"2025-07-08T12:56:03","slug":"klapiga-poll-oxford-72x86cm-tumesinine","status":"publish","type":"product","link":"https:\/\/uus.kokariided.ee\/en\/product\/klapiga-poll-oxford-72x86cm-tumesinine\/","title":{"rendered":"Klapiga p\u00f5ll Oxford 72x86cm, tumesinine"},"content":{"rendered":"<blockquote>\n<\/blockquote>","protected":false},"excerpt":{"rendered":"<p>Tehisnahast detailidega klapiga p\u00f5ll, mis sobib suurep\u00e4raselt nii k\u00f6\u00f6ki kui teenindajatele. Kaelapael reguleeritav metallist pandlaga, p\u00f5llel on mahukas tasku, kus on kitsas tasku ka kirjutusvahendi jaoks. Paremal k\u00fcljel v\u00f6\u00f6, mis abiks\u00a0r\u00e4tiku hoiustamisel. P\u00f5lle kinnitus on \u00fche paela ning D-topelt-r\u00f5ngastega. Tasku m\u00f5\u00f5dud 26x20cm. P\u00f5lle m\u00f5\u00f5dud 72x86cm.\u00a0<br \/>\nMaterjal: 100% puuvill, v\u00e4rvitud, 220g\/m2<\/p>","protected":false},"featured_media":16844,"comment_status":"open","ping_status":"closed","template":"","meta":[],"product_cat":[769,104,112,146,145],"product_tag":[284,674,213,620,619],"class_list":{"0":"post-16843","1":"product","2":"type-product","3":"status-publish","4":"has-post-thumbnail","6":"product_cat-klapiga-poll-75x90cm-taskutega","7":"product_cat-kokariided","8":"product_cat-polled","9":"product_cat-polled1755886053","10":"product_cat-teenindusriided","11":"product_tag-klapiga-poll","12":"product_tag-pr144","13":"product_tag-puuvill","14":"product_tag-taskuga","15":"product_tag-taskuga-poll","17":"first","18":"instock","19":"sale","20":"shipping-taxable","21":"purchasable","22":"product-type-variable"},"_links":{"self":[{"href":"https:\/\/uus.kokariided.ee\/en\/wp-json\/wp\/v2\/product\/16843","targetHints":{"allow":["GET"]}}],"collection":[{"href":"https:\/\/uus.kokariided.ee\/en\/wp-json\/wp\/v2\/product"}],"about":[{"href":"https:\/\/uus.kokariided.ee\/en\/wp-json\/wp\/v2\/types\/product"}],"replies":[{"embeddable":true,"href":"https:\/\/uus.kokariided.ee\/en\/wp-json\/wp\/v2\/comments?post=16843"}],"wp:featuredmedia":[{"embeddable":true,"href":"https:\/\/uus.kokariided.ee\/en\/wp-json\/wp\/v2\/media\/16844"}],"wp:attachment":[{"href":"https:\/\/uus.kokariided.ee\/en\/wp-json\/wp\/v2\/media?parent=16843"}],"wp:term":[{"taxonomy":"product_cat","embeddable":true,"href":"https:\/\/uus.kokariided.ee\/en\/wp-json\/wp\/v2\/product_cat?post=16843"},{"taxonomy":"product_tag","embeddable":true,"href":"https:\/\/uus.kokariided.ee\/en\/wp-json\/wp\/v2\/product_tag?post=16843"}],"curies":[{"name":"wp","href":"https:\/\/api.w.org\/{rel}","templated":true}]}}