{"id":16867,"date":"2024-04-18T18:12:04","date_gmt":"2024-04-18T18:12:04","guid":{"rendered":"https:\/\/uus.kokariided.ee\/?product=hall-servjett-40x40cm"},"modified":"2025-05-29T13:09:57","modified_gmt":"2025-05-29T13:09:57","slug":"hall-servjett-40x40cm","status":"publish","type":"product","link":"https:\/\/uus.kokariided.ee\/en\/product\/hall-servjett-40x40cm\/","title":{"rendered":"Hall servjett 40x40cm"},"content":{"rendered":"","protected":false},"excerpt":{"rendered":"<p>Halli\u00a0v\u00e4rvi\u00a0servjett \/ salvr\u00e4tik.<br \/>\nM\u00f5\u00f5dud: 40x40cmMaterjal: 50% puuvill, 50% pol\u00fcester4\u00a0servast \u00f5mmeldud<\/p>","protected":false},"featured_media":16868,"comment_status":"open","ping_status":"closed","template":"","meta":[],"product_cat":[735,155],"product_tag":[],"class_list":{"0":"post-16867","1":"product","2":"type-product","3":"status-publish","4":"has-post-thumbnail","6":"product_cat-salfad-servjetid-salvraetid","7":"product_cat-sisustustooted","9":"first","10":"instock","11":"shipping-taxable","12":"purchasable","13":"product-type-variable"},"_links":{"self":[{"href":"https:\/\/uus.kokariided.ee\/en\/wp-json\/wp\/v2\/product\/16867","targetHints":{"allow":["GET"]}}],"collection":[{"href":"https:\/\/uus.kokariided.ee\/en\/wp-json\/wp\/v2\/product"}],"about":[{"href":"https:\/\/uus.kokariided.ee\/en\/wp-json\/wp\/v2\/types\/product"}],"replies":[{"embeddable":true,"href":"https:\/\/uus.kokariided.ee\/en\/wp-json\/wp\/v2\/comments?post=16867"}],"wp:featuredmedia":[{"embeddable":true,"href":"https:\/\/uus.kokariided.ee\/en\/wp-json\/wp\/v2\/media\/16868"}],"wp:attachment":[{"href":"https:\/\/uus.kokariided.ee\/en\/wp-json\/wp\/v2\/media?parent=16867"}],"wp:term":[{"taxonomy":"product_cat","embeddable":true,"href":"https:\/\/uus.kokariided.ee\/en\/wp-json\/wp\/v2\/product_cat?post=16867"},{"taxonomy":"product_tag","embeddable":true,"href":"https:\/\/uus.kokariided.ee\/en\/wp-json\/wp\/v2\/product_tag?post=16867"}],"curies":[{"name":"wp","href":"https:\/\/api.w.org\/{rel}","templated":true}]}}