{"id":16871,"date":"2024-04-24T11:29:37","date_gmt":"2024-04-24T11:29:37","guid":{"rendered":"https:\/\/uus.kokariided.ee\/?product=kokapueksid-noah-hallid"},"modified":"2025-07-18T13:35:57","modified_gmt":"2025-07-18T13:35:57","slug":"kokapueksid-noah-hallid","status":"publish","type":"product","link":"https:\/\/uus.kokariided.ee\/en\/product\/kokapueksid-noah-hallid\/","title":{"rendered":"Kokap\u00fcksid NOAH, hallid"},"content":{"rendered":"<h2><\/h2>","protected":false},"excerpt":{"rendered":"<p>Kitsa l\u00f5ikega unisex kokap\u00fcksid, mis on valmistatud pol\u00fcesterpuuvillasegust kaaluga 115 g\/m2.\u00a0Kangas on \u00e4\u00e4rmiselt t\u00f6\u00f6kindel ja vastupidav k\u00f5rgel temperatuuril pesemisele. V\u00f6\u00f6kohta \u00fcmbritseb 4 cm k\u00f5rgune v\u00e4rvel ning mugav pingutusn\u00f6\u00f6r.\u00a0Ees kaks taskut ja taga \u00fcks tasku.<br \/>\n65% pol\u00fcester, 35% puuvill<br \/>\nSuurused XS-4XL<br \/>\n115 g\/m2<\/p>","protected":false},"featured_media":16872,"comment_status":"open","ping_status":"closed","template":"","meta":[],"product_cat":[104,787,788,113],"product_tag":[],"class_list":{"0":"post-16871","1":"product","2":"type-product","3":"status-publish","4":"has-post-thumbnail","6":"product_brand-giblors","7":"product_cat-kokariided","8":"product_cat-meeste-kokapueksid","9":"product_cat-naiste-kokapueksid","10":"product_cat-pueksid","12":"first","13":"instock","14":"shipping-taxable","15":"purchasable","16":"product-type-variable"},"_links":{"self":[{"href":"https:\/\/uus.kokariided.ee\/en\/wp-json\/wp\/v2\/product\/16871","targetHints":{"allow":["GET"]}}],"collection":[{"href":"https:\/\/uus.kokariided.ee\/en\/wp-json\/wp\/v2\/product"}],"about":[{"href":"https:\/\/uus.kokariided.ee\/en\/wp-json\/wp\/v2\/types\/product"}],"replies":[{"embeddable":true,"href":"https:\/\/uus.kokariided.ee\/en\/wp-json\/wp\/v2\/comments?post=16871"}],"wp:featuredmedia":[{"embeddable":true,"href":"https:\/\/uus.kokariided.ee\/en\/wp-json\/wp\/v2\/media\/16872"}],"wp:attachment":[{"href":"https:\/\/uus.kokariided.ee\/en\/wp-json\/wp\/v2\/media?parent=16871"}],"wp:term":[{"taxonomy":"product_cat","embeddable":true,"href":"https:\/\/uus.kokariided.ee\/en\/wp-json\/wp\/v2\/product_cat?post=16871"},{"taxonomy":"product_tag","embeddable":true,"href":"https:\/\/uus.kokariided.ee\/en\/wp-json\/wp\/v2\/product_tag?post=16871"}],"curies":[{"name":"wp","href":"https:\/\/api.w.org\/{rel}","templated":true}]}}